{"id":1044,"date":"2020-05-16T10:08:54","date_gmt":"2020-05-16T08:08:54","guid":{"rendered":"http:\/\/www.golf-bois-do.com\/newsite\/?page_id=1044"},"modified":"2022-02-23T08:52:50","modified_gmt":"2022-02-23T07:52:50","slug":"inscriptions-animation-sportive","status":"publish","type":"page","link":"https:\/\/www.golf-bois-do.com\/newsite\/inscriptions-animation-sportive\/","title":{"rendered":"Inscriptions Animation sportive"},"content":{"rendered":"<h2>Inscriptions animations sportives<\/h2>\n<p><a href=\"http:\/\/www.resagolfweb.com\/\" target=\"_blank\" role=\"button\" rel=\"noopener noreferrer\"><br \/>\nLien d&rsquo;inscription par r\u00e9sa golf<br \/>\n<\/a><\/p>\n<h2>R\u00e9glement comp\u00e9titions sp\u00e9cial COVID 19<\/h2>\n<p>Dans le cadre du protocole de fonctionnement de l\u2019animation sportive autoris\u00e9e pour les adultes, les conditions sanitaires exigent une r\u00e9servation pour l\u2019acc\u00e8s sur le parcours<\/p>\n<p style=\"font-size: 12.8px;\">Pour l\u2019animation sportive de classement \u201cLes mardis et Les dimanches du Bois d&rsquo;O\u201d l\u2019inscription est obligatoire&nbsp; pour la r\u00e9servation de d\u00e9part et l\u2019\u00e9dition d\u2019une carte de score.<\/p>\n<p style=\"font-size: 12.8px;\">Seuls les joueuses et joueurs membres AS ou abonn\u00e9s du Club sont autoris\u00e9s \u00e0 participer. La participation de joueuses et joueurs d\u2019autres clubs est interdite.<\/p>\n<p style=\"font-size: 12.8px;\">La limite d\u2019inscription est la veille de la comp\u00e9tition \u00e0 17h00 . Aucune inscription de participation ne sera accept\u00e9e apr\u00e8s.<\/p>\n<p>Les parties seront constitu\u00e9es directement sur le syst\u00e8me f\u00e9d\u00e9ral RMS et publi\u00e9es la veille au&nbsp; soir avec les horaires de d\u00e9parts&nbsp; (ordre des index) \u00e0 respecter imp\u00e9rativement.<\/p>\n<p>Les parties seront de 3 joueurs. Les cartes de score ne peuvent pas \u00eatre \u00e9chang\u00e9es.<\/p>\n<p>Les scores sur 18 trous enregistr\u00e9s seront comptabilis\u00e9s dans le classement du championnat des deux clubs 2021<\/p>\n<p>L\u2019\u00e9quipe d\u2019animation du Bois d&rsquo;\u00d4<\/p>\n<p><iframe frameborder=\"0\" scrolling=\"no\" marginheight=\"0\" marginwidth=\"0\" src=\"https:\/\/maps.google.com\/maps?q=golf%20du%20bois%20d%27%C3%B4%20saint%20maixme%20hauterive&amp;t=m&amp;z=11&amp;output=embed&amp;iwloc=near\" title=\"golf du bois d'\u00f4 saint maixme hauterive\" aria-label=\"golf du bois d'\u00f4 saint maixme hauterive\"><\/iframe><\/p>\n","protected":false},"excerpt":{"rendered":"<p>Inscriptions animations sportives Lien d&rsquo;inscription par r\u00e9sa golf R\u00e9glement comp\u00e9titions sp\u00e9cial COVID 19 Dans le cadre du protocole de fonctionnement de l\u2019animation sportive autoris\u00e9e pour les adultes, les conditions sanitaires exigent une r\u00e9servation pour l\u2019acc\u00e8s sur le parcours Pour l\u2019animation sportive de classement \u201cLes mardis et Les dimanches du Bois d&rsquo;O\u201d l\u2019inscription est obligatoire&nbsp; pour &hellip; <\/p>\n<p class=\"link-more\"><a href=\"https:\/\/www.golf-bois-do.com\/newsite\/inscriptions-animation-sportive\/\" class=\"more-link\">Lire la suite de<span class=\"screen-reader-text\">\u00ab\u00a0Inscriptions Animation sportive\u00a0\u00bb<\/span><\/a><\/p>\n","protected":false},"author":1,"featured_media":0,"parent":0,"menu_order":0,"comment_status":"closed","ping_status":"closed","template":"elementor_header_footer","meta":{"_inspiro_hide_title":false,"footnotes":""},"_links":{"self":[{"href":"https:\/\/www.golf-bois-do.com\/newsite\/wp-json\/wp\/v2\/pages\/1044"}],"collection":[{"href":"https:\/\/www.golf-bois-do.com\/newsite\/wp-json\/wp\/v2\/pages"}],"about":[{"href":"https:\/\/www.golf-bois-do.com\/newsite\/wp-json\/wp\/v2\/types\/page"}],"author":[{"embeddable":true,"href":"https:\/\/www.golf-bois-do.com\/newsite\/wp-json\/wp\/v2\/users\/1"}],"replies":[{"embeddable":true,"href":"https:\/\/www.golf-bois-do.com\/newsite\/wp-json\/wp\/v2\/comments?post=1044"}],"version-history":[{"count":46,"href":"https:\/\/www.golf-bois-do.com\/newsite\/wp-json\/wp\/v2\/pages\/1044\/revisions"}],"predecessor-version":[{"id":3916,"href":"https:\/\/www.golf-bois-do.com\/newsite\/wp-json\/wp\/v2\/pages\/1044\/revisions\/3916"}],"wp:attachment":[{"href":"https:\/\/www.golf-bois-do.com\/newsite\/wp-json\/wp\/v2\/media?parent=1044"}],"curies":[{"name":"wp","href":"https:\/\/api.w.org\/{rel}","templated":true}]}}