{"id":386,"date":"2020-04-05T14:58:35","date_gmt":"2020-04-05T12:58:35","guid":{"rendered":"http:\/\/www.golf-bois-do.com\/newsite\/?page_id=386"},"modified":"2024-05-16T15:04:48","modified_gmt":"2024-05-16T13:04:48","slug":"pass-decouvertes","status":"publish","type":"page","link":"https:\/\/www.golf-bois-do.com\/newsite\/pass-decouvertes\/","title":{"rendered":"Pass d\u00e9couvertes"},"content":{"rendered":"\t\t<div data-elementor-type=\"wp-page\" data-elementor-id=\"386\" class=\"elementor elementor-386\" data-elementor-post-type=\"page\">\n\t\t\t\t\t\t<section class=\"elementor-section elementor-top-section elementor-element elementor-element-2db7738b elementor-section-height-min-height elementor-section-boxed elementor-section-height-default elementor-section-items-middle\" data-id=\"2db7738b\" data-element_type=\"section\" data-settings=\"{&quot;background_background&quot;:&quot;classic&quot;}\">\n\t\t\t\t\t\t\t<div class=\"elementor-background-overlay\"><\/div>\n\t\t\t\t\t\t\t<div class=\"elementor-container elementor-column-gap-default\">\n\t\t\t\t\t<div class=\"elementor-column elementor-col-100 elementor-top-column elementor-element elementor-element-72d6276e\" data-id=\"72d6276e\" data-element_type=\"column\">\n\t\t\t<div class=\"elementor-widget-wrap elementor-element-populated\">\n\t\t\t\t\t\t<div class=\"elementor-element elementor-element-71ff95c elementor-invisible elementor-widget elementor-widget-heading\" data-id=\"71ff95c\" data-element_type=\"widget\" data-settings=\"{&quot;_animation&quot;:&quot;fadeInLeft&quot;,&quot;_animation_delay&quot;:&quot;500&quot;}\" data-widget_type=\"heading.default\">\n\t\t\t\t<div class=\"elementor-widget-container\">\n\t\t\t\t\t<h1 class=\"elementor-heading-title elementor-size-default\">Le pass d\u00e9couverte<\/h1>\t\t\t\t<\/div>\n\t\t\t\t<\/div>\n\t\t\t\t<div class=\"elementor-element elementor-element-b91b63a elementor-invisible elementor-widget elementor-widget-heading\" data-id=\"b91b63a\" data-element_type=\"widget\" data-settings=\"{&quot;_animation&quot;:&quot;fadeInLeft&quot;,&quot;_animation_delay&quot;:&quot;400&quot;}\" data-widget_type=\"heading.default\">\n\t\t\t\t<div class=\"elementor-widget-container\">\n\t\t\t\t\t<h5 class=\"elementor-heading-title elementor-size-default\">Chaque semaine des jours et des horaires pour organiser votre d\u00e9couverte<\/h5>\t\t\t\t<\/div>\n\t\t\t\t<\/div>\n\t\t\t\t\t<\/div>\n\t\t<\/div>\n\t\t\t\t\t<\/div>\n\t\t<\/section>\n\t\t\t\t<section class=\"elementor-section elementor-top-section elementor-element elementor-element-383a344b elementor-section-boxed elementor-section-height-default elementor-section-height-default\" data-id=\"383a344b\" data-element_type=\"section\" data-settings=\"{&quot;background_background&quot;:&quot;classic&quot;,&quot;shape_divider_top&quot;:&quot;tilt&quot;}\">\n\t\t\t\t\t\t\t<div class=\"elementor-background-overlay\"><\/div>\n\t\t\t\t\t\t<div class=\"elementor-shape elementor-shape-top\" aria-hidden=\"true\" data-negative=\"false\">\n\t\t\t<svg xmlns=\"http:\/\/www.w3.org\/2000\/svg\" viewBox=\"0 0 1000 100\" preserveAspectRatio=\"none\">\n\t<path class=\"elementor-shape-fill\" d=\"M0,6V0h1000v100L0,6z\"\/>\n<\/svg>\t\t<\/div>\n\t\t\t\t\t<div class=\"elementor-container elementor-column-gap-default\">\n\t\t\t\t\t<div class=\"elementor-column elementor-col-50 elementor-top-column elementor-element elementor-element-506b9a81\" data-id=\"506b9a81\" data-element_type=\"column\">\n\t\t\t<div class=\"elementor-widget-wrap elementor-element-populated\">\n\t\t\t\t\t\t<div class=\"elementor-element elementor-element-70fc84f3 elementor-widget elementor-widget-image\" data-id=\"70fc84f3\" data-element_type=\"widget\" data-widget_type=\"image.default\">\n\t\t\t\t<div class=\"elementor-widget-container\">\n\t\t\t\t\t\t\t\t\t\t\t\t\t\t\t<img fetchpriority=\"high\" decoding=\"async\" width=\"1080\" height=\"1080\" src=\"https:\/\/www.golf-bois-do.com\/newsite\/wp-content\/uploads\/2024\/05\/Pass-Decouverte.jpg\" class=\"attachment-full size-full wp-image-5471\" alt=\"\" srcset=\"https:\/\/www.golf-bois-do.com\/newsite\/wp-content\/uploads\/2024\/05\/Pass-Decouverte.jpg 1080w, https:\/\/www.golf-bois-do.com\/newsite\/wp-content\/uploads\/2024\/05\/Pass-Decouverte-300x300.jpg 300w, https:\/\/www.golf-bois-do.com\/newsite\/wp-content\/uploads\/2024\/05\/Pass-Decouverte-1024x1024.jpg 1024w, https:\/\/www.golf-bois-do.com\/newsite\/wp-content\/uploads\/2024\/05\/Pass-Decouverte-150x150.jpg 150w, https:\/\/www.golf-bois-do.com\/newsite\/wp-content\/uploads\/2024\/05\/Pass-Decouverte-768x768.jpg 768w\" sizes=\"100vw\" \/>\t\t\t\t\t\t\t\t\t\t\t\t\t\t\t<\/div>\n\t\t\t\t<\/div>\n\t\t\t\t<div class=\"elementor-element elementor-element-795ce0d6 elementor-widget elementor-widget-text-editor\" data-id=\"795ce0d6\" data-element_type=\"widget\" data-widget_type=\"text-editor.default\">\n\t\t\t\t<div class=\"elementor-widget-container\">\n\t\t\t\t\t\t\t\t\t<p><strong>Organis\u00e9 par th\u00e8me de jeu.<\/strong> <br \/>Th\u00e8me 1 <em>&#8211; le putting,<\/em> <br \/>th\u00e8me 2 &#8211; <em>l&rsquo;approche,<\/em><br \/>th\u00e8me 3 &#8211; <em>le practice,<\/em> <br \/>th\u00e8me 4 &#8211; <em>d\u00e9couverte du parcours et \u00e9tiquette du golf.<\/em><\/p>\t\t\t\t\t\t\t\t<\/div>\n\t\t\t\t<\/div>\n\t\t\t\t<div class=\"elementor-element elementor-element-520a6119 elementor-widget elementor-widget-text-editor\" data-id=\"520a6119\" data-element_type=\"widget\" data-widget_type=\"text-editor.default\">\n\t\t\t\t<div class=\"elementor-widget-container\">\n\t\t\t\t\t\t\t\t\t<p>Renseignements t\u00e9l : 02 37 51 04 61<br \/>Renseignements et inscription<br \/>au club house du golf.<\/p>\t\t\t\t\t\t\t\t<\/div>\n\t\t\t\t<\/div>\n\t\t\t\t\t<\/div>\n\t\t<\/div>\n\t\t\t\t<div class=\"elementor-column elementor-col-50 elementor-top-column elementor-element elementor-element-5c43eb2d\" data-id=\"5c43eb2d\" data-element_type=\"column\">\n\t\t\t<div class=\"elementor-widget-wrap elementor-element-populated\">\n\t\t\t\t\t\t<div class=\"elementor-element elementor-element-28f4e336 elementor-widget elementor-widget-shortcode\" data-id=\"28f4e336\" data-element_type=\"widget\" data-widget_type=\"shortcode.default\">\n\t\t\t\t<div class=\"elementor-widget-container\">\n\t\t\t\t\t\t\t<div class=\"elementor-shortcode\"><iframe src=\"https:\/\/calendar.google.com\/calendar\/embed?src=golfduboisdo%40gmail.com&ctz=Europe%2FParis\" style=\"border: 0\" width=\"800\" height=\"600\" frameborder=\"0\" scrolling=\"no\"><\/iframe><\/div>\n\t\t\t\t\t\t<\/div>\n\t\t\t\t<\/div>\n\t\t\t\t\t<\/div>\n\t\t<\/div>\n\t\t\t\t\t<\/div>\n\t\t<\/section>\n\t\t\t\t<\/div>\n\t\t","protected":false},"excerpt":{"rendered":"<p>Le pass d\u00e9couverte Chaque semaine des jours et des horaires pour organiser votre d\u00e9couverte Organis\u00e9 par th\u00e8me de jeu. Th\u00e8me 1 &#8211; le putting, th\u00e8me 2 &#8211; l&rsquo;approche,th\u00e8me 3 &#8211; le practice, th\u00e8me 4 &#8211; d\u00e9couverte du parcours et \u00e9tiquette du golf. Renseignements t\u00e9l : 02 37 51 04 61Renseignements et inscriptionau club house du &hellip; <\/p>\n<p class=\"link-more\"><a href=\"https:\/\/www.golf-bois-do.com\/newsite\/pass-decouvertes\/\" class=\"more-link\">Lire la suite de<span class=\"screen-reader-text\">\u00ab\u00a0Pass d\u00e9couvertes\u00a0\u00bb<\/span><\/a><\/p>\n","protected":false},"author":1,"featured_media":0,"parent":0,"menu_order":0,"comment_status":"closed","ping_status":"closed","template":"","meta":{"_inspiro_hide_title":false,"footnotes":""},"_links":{"self":[{"href":"https:\/\/www.golf-bois-do.com\/newsite\/wp-json\/wp\/v2\/pages\/386"}],"collection":[{"href":"https:\/\/www.golf-bois-do.com\/newsite\/wp-json\/wp\/v2\/pages"}],"about":[{"href":"https:\/\/www.golf-bois-do.com\/newsite\/wp-json\/wp\/v2\/types\/page"}],"author":[{"embeddable":true,"href":"https:\/\/www.golf-bois-do.com\/newsite\/wp-json\/wp\/v2\/users\/1"}],"replies":[{"embeddable":true,"href":"https:\/\/www.golf-bois-do.com\/newsite\/wp-json\/wp\/v2\/comments?post=386"}],"version-history":[{"count":13,"href":"https:\/\/www.golf-bois-do.com\/newsite\/wp-json\/wp\/v2\/pages\/386\/revisions"}],"predecessor-version":[{"id":6429,"href":"https:\/\/www.golf-bois-do.com\/newsite\/wp-json\/wp\/v2\/pages\/386\/revisions\/6429"}],"wp:attachment":[{"href":"https:\/\/www.golf-bois-do.com\/newsite\/wp-json\/wp\/v2\/media?parent=386"}],"curies":[{"name":"wp","href":"https:\/\/api.w.org\/{rel}","templated":true}]}}