{"id":3914,"date":"2022-02-23T08:46:55","date_gmt":"2022-02-23T07:46:55","guid":{"rendered":"https:\/\/www.golf-bois-do.com\/newsite\/?page_id=3914"},"modified":"2024-04-20T15:09:58","modified_gmt":"2024-04-20T13:09:58","slug":"competitions-de-classement","status":"publish","type":"page","link":"https:\/\/www.golf-bois-do.com\/newsite\/competitions-de-classement\/","title":{"rendered":"Comp\u00e9titions de Classement"},"content":{"rendered":"\t\t<div data-elementor-type=\"wp-page\" data-elementor-id=\"3914\" class=\"elementor elementor-3914\" data-elementor-post-type=\"page\">\n\t\t\t\t\t\t<section class=\"elementor-section elementor-top-section elementor-element elementor-element-2b2367a elementor-section-boxed elementor-section-height-default elementor-section-height-default\" data-id=\"2b2367a\" data-element_type=\"section\">\n\t\t\t\t\t\t<div class=\"elementor-container elementor-column-gap-default\">\n\t\t\t\t\t<div class=\"elementor-column elementor-col-100 elementor-top-column elementor-element elementor-element-282a15c\" data-id=\"282a15c\" data-element_type=\"column\">\n\t\t\t<div class=\"elementor-widget-wrap elementor-element-populated\">\n\t\t\t\t\t\t<div class=\"elementor-element elementor-element-0aceab0 elementor-widget elementor-widget-image\" data-id=\"0aceab0\" data-element_type=\"widget\" data-widget_type=\"image.default\">\n\t\t\t\t<div class=\"elementor-widget-container\">\n\t\t\t\t\t\t\t\t\t\t\t\t\t\t\t<img fetchpriority=\"high\" decoding=\"async\" width=\"950\" height=\"535\" src=\"https:\/\/www.golf-bois-do.com\/newsite\/wp-content\/uploads\/2022\/02\/Compe\u0301tition-de-classements-1024x577.jpg\" class=\"attachment-large size-large wp-image-3917\" alt=\"\" srcset=\"https:\/\/www.golf-bois-do.com\/newsite\/wp-content\/uploads\/2022\/02\/Compe\u0301tition-de-classements-1024x577.jpg 1024w, https:\/\/www.golf-bois-do.com\/newsite\/wp-content\/uploads\/2022\/02\/Compe\u0301tition-de-classements-300x169.jpg 300w, https:\/\/www.golf-bois-do.com\/newsite\/wp-content\/uploads\/2022\/02\/Compe\u0301tition-de-classements-768x433.jpg 768w, https:\/\/www.golf-bois-do.com\/newsite\/wp-content\/uploads\/2022\/02\/Compe\u0301tition-de-classements-1536x865.jpg 1536w, https:\/\/www.golf-bois-do.com\/newsite\/wp-content\/uploads\/2022\/02\/Compe\u0301tition-de-classements.jpg 1640w\" sizes=\"100vw\" \/>\t\t\t\t\t\t\t\t\t\t\t\t\t\t\t<\/div>\n\t\t\t\t<\/div>\n\t\t\t\t\t<\/div>\n\t\t<\/div>\n\t\t\t\t\t<\/div>\n\t\t<\/section>\n\t\t\t\t<section class=\"elementor-section elementor-top-section elementor-element elementor-element-ede8823 elementor-section-boxed elementor-section-height-default elementor-section-height-default\" data-id=\"ede8823\" data-element_type=\"section\">\n\t\t\t\t\t\t<div class=\"elementor-container elementor-column-gap-default\">\n\t\t\t\t\t<div class=\"elementor-column elementor-col-100 elementor-top-column elementor-element elementor-element-b4687e2\" data-id=\"b4687e2\" data-element_type=\"column\">\n\t\t\t<div class=\"elementor-widget-wrap elementor-element-populated\">\n\t\t\t\t\t\t<div class=\"elementor-element elementor-element-d3e4a55 elementor-align-center elementor-widget elementor-widget-button\" data-id=\"d3e4a55\" data-element_type=\"widget\" data-widget_type=\"button.default\">\n\t\t\t\t<div class=\"elementor-widget-container\">\n\t\t\t\t\t\t\t\t\t<div class=\"elementor-button-wrapper\">\n\t\t\t\t\t<a class=\"elementor-button elementor-button-link elementor-size-lg\" href=\"https:\/\/www.tee1golf.com\/liste-competitions.php?u=677-golf-du-bois-d-o\">\n\t\t\t\t\t\t<span class=\"elementor-button-content-wrapper\">\n\t\t\t\t\t\t\t\t\t<span class=\"elementor-button-text\">Inscription \u00e0 la comp\u00e9tition du Mardi (Troph\u00e9e du Bois D'\u00d4)<\/span>\n\t\t\t\t\t<\/span>\n\t\t\t\t\t<\/a>\n\t\t\t\t<\/div>\n\t\t\t\t\t\t\t\t<\/div>\n\t\t\t\t<\/div>\n\t\t\t\t\t<\/div>\n\t\t<\/div>\n\t\t\t\t\t<\/div>\n\t\t<\/section>\n\t\t\t\t<section class=\"elementor-section elementor-top-section elementor-element elementor-element-d76673e elementor-section-boxed elementor-section-height-default elementor-section-height-default\" data-id=\"d76673e\" data-element_type=\"section\">\n\t\t\t\t\t\t<div class=\"elementor-container elementor-column-gap-default\">\n\t\t\t\t\t<div class=\"elementor-column elementor-col-100 elementor-top-column elementor-element elementor-element-d66f902\" data-id=\"d66f902\" data-element_type=\"column\">\n\t\t\t<div class=\"elementor-widget-wrap elementor-element-populated\">\n\t\t\t\t\t\t<div class=\"elementor-element elementor-element-e8bdcff elementor-align-center elementor-widget elementor-widget-button\" data-id=\"e8bdcff\" data-element_type=\"widget\" data-widget_type=\"button.default\">\n\t\t\t\t<div class=\"elementor-widget-container\">\n\t\t\t\t\t\t\t\t\t<div class=\"elementor-button-wrapper\">\n\t\t\t\t\t<a class=\"elementor-button elementor-button-link elementor-size-lg\" href=\"https:\/\/www.tee1golf.com\/liste-competitions.php?u=677-golf-du-bois-d-o\">\n\t\t\t\t\t\t<span class=\"elementor-button-content-wrapper\">\n\t\t\t\t\t\t\t\t\t<span class=\"elementor-button-text\">Inscription \u00e0 la comp\u00e9tition du Dimanche<\/span>\n\t\t\t\t\t<\/span>\n\t\t\t\t\t<\/a>\n\t\t\t\t<\/div>\n\t\t\t\t\t\t\t\t<\/div>\n\t\t\t\t<\/div>\n\t\t\t\t\t<\/div>\n\t\t<\/div>\n\t\t\t\t\t<\/div>\n\t\t<\/section>\n\t\t\t\t<section class=\"elementor-section elementor-top-section elementor-element elementor-element-e8223d2 elementor-section-boxed elementor-section-height-default elementor-section-height-default\" data-id=\"e8223d2\" data-element_type=\"section\">\n\t\t\t\t\t\t<div class=\"elementor-container elementor-column-gap-default\">\n\t\t\t\t\t<div class=\"elementor-column elementor-col-100 elementor-top-column elementor-element elementor-element-1e132ae\" data-id=\"1e132ae\" data-element_type=\"column\">\n\t\t\t<div class=\"elementor-widget-wrap elementor-element-populated\">\n\t\t\t\t\t\t<div class=\"elementor-element elementor-element-cdf239f elementor-align-center elementor-widget elementor-widget-button\" data-id=\"cdf239f\" data-element_type=\"widget\" data-widget_type=\"button.default\">\n\t\t\t\t<div class=\"elementor-widget-container\">\n\t\t\t\t\t\t\t\t\t<div class=\"elementor-button-wrapper\">\n\t\t\t\t\t<a class=\"elementor-button elementor-button-link elementor-size-xl\" href=\"https:\/\/www.tee1golf.com\/liste-competitions.php?u=677-golf-du-bois-d-o\">\n\t\t\t\t\t\t<span class=\"elementor-button-content-wrapper\">\n\t\t\t\t\t\t\t\t\t<span class=\"elementor-button-text\">Inscriptions aux 2 comp\u00e9titions par le lien resagolfweb<\/span>\n\t\t\t\t\t<\/span>\n\t\t\t\t\t<\/a>\n\t\t\t\t<\/div>\n\t\t\t\t\t\t\t\t<\/div>\n\t\t\t\t<\/div>\n\t\t\t\t\t<\/div>\n\t\t<\/div>\n\t\t\t\t\t<\/div>\n\t\t<\/section>\n\t\t\t\t<\/div>\n\t\t","protected":false},"excerpt":{"rendered":"<p>Inscription \u00e0 la comp\u00e9tition du Mardi (Troph\u00e9e du Bois D&rsquo;\u00d4) Inscription \u00e0 la comp\u00e9tition du Dimanche Inscriptions aux 2 comp\u00e9titions par le lien resagolfweb<\/p>\n","protected":false},"author":6,"featured_media":0,"parent":0,"menu_order":0,"comment_status":"closed","ping_status":"closed","template":"","meta":{"_inspiro_hide_title":false,"footnotes":""},"_links":{"self":[{"href":"https:\/\/www.golf-bois-do.com\/newsite\/wp-json\/wp\/v2\/pages\/3914"}],"collection":[{"href":"https:\/\/www.golf-bois-do.com\/newsite\/wp-json\/wp\/v2\/pages"}],"about":[{"href":"https:\/\/www.golf-bois-do.com\/newsite\/wp-json\/wp\/v2\/types\/page"}],"author":[{"embeddable":true,"href":"https:\/\/www.golf-bois-do.com\/newsite\/wp-json\/wp\/v2\/users\/6"}],"replies":[{"embeddable":true,"href":"https:\/\/www.golf-bois-do.com\/newsite\/wp-json\/wp\/v2\/comments?post=3914"}],"version-history":[{"count":29,"href":"https:\/\/www.golf-bois-do.com\/newsite\/wp-json\/wp\/v2\/pages\/3914\/revisions"}],"predecessor-version":[{"id":5394,"href":"https:\/\/www.golf-bois-do.com\/newsite\/wp-json\/wp\/v2\/pages\/3914\/revisions\/5394"}],"wp:attachment":[{"href":"https:\/\/www.golf-bois-do.com\/newsite\/wp-json\/wp\/v2\/media?parent=3914"}],"curies":[{"name":"wp","href":"https:\/\/api.w.org\/{rel}","templated":true}]}}