{"id":422,"date":"2020-04-05T15:03:52","date_gmt":"2020-04-05T13:03:52","guid":{"rendered":"http:\/\/www.golf-bois-do.com\/newsite\/?page_id=422"},"modified":"2025-11-09T11:06:28","modified_gmt":"2025-11-09T10:06:28","slug":"pass-carte-verte","status":"publish","type":"page","link":"https:\/\/www.golf-bois-do.com\/newsite\/pass-carte-verte\/","title":{"rendered":"Pass Carte Verte"},"content":{"rendered":"\t\t<div data-elementor-type=\"wp-page\" data-elementor-id=\"422\" class=\"elementor elementor-422\" data-elementor-post-type=\"page\">\n\t\t\t\t\t\t<section class=\"elementor-section elementor-top-section elementor-element elementor-element-4d284428 elementor-section-height-min-height elementor-section-boxed elementor-section-height-default elementor-section-items-middle\" data-id=\"4d284428\" data-element_type=\"section\" data-settings=\"{&quot;background_background&quot;:&quot;classic&quot;}\">\n\t\t\t\t\t\t\t<div class=\"elementor-background-overlay\"><\/div>\n\t\t\t\t\t\t\t<div class=\"elementor-container elementor-column-gap-no\">\n\t\t\t\t\t<div class=\"elementor-column elementor-col-100 elementor-top-column elementor-element elementor-element-2b781c4e\" data-id=\"2b781c4e\" data-element_type=\"column\">\n\t\t\t<div class=\"elementor-widget-wrap elementor-element-populated\">\n\t\t\t\t\t\t<div class=\"elementor-element elementor-element-60ad635b elementor-invisible elementor-widget elementor-widget-heading\" data-id=\"60ad635b\" data-element_type=\"widget\" data-settings=\"{&quot;_animation&quot;:&quot;fadeInLeft&quot;,&quot;_animation_delay&quot;:&quot;500&quot;}\" data-widget_type=\"heading.default\">\n\t\t\t\t<div class=\"elementor-widget-container\">\n\t\t\t\t\t<h2 class=\"elementor-heading-title elementor-size-default\">La Carte Verte<\/h2>\t\t\t\t<\/div>\n\t\t\t\t<\/div>\n\t\t\t\t<div class=\"elementor-element elementor-element-561d1cda elementor-invisible elementor-widget elementor-widget-heading\" data-id=\"561d1cda\" data-element_type=\"widget\" data-settings=\"{&quot;_animation&quot;:&quot;fadeInLeft&quot;,&quot;_animation_delay&quot;:&quot;400&quot;}\" data-widget_type=\"heading.default\">\n\t\t\t\t<div class=\"elementor-widget-container\">\n\t\t\t\t\t<h5 class=\"elementor-heading-title elementor-size-default\">Obtenez votre permis de golfer<\/h5>\t\t\t\t<\/div>\n\t\t\t\t<\/div>\n\t\t\t\t\t<\/div>\n\t\t<\/div>\n\t\t\t\t\t<\/div>\n\t\t<\/section>\n\t\t\t\t<section class=\"elementor-section elementor-top-section elementor-element elementor-element-6ad82868 elementor-section-boxed elementor-section-height-default elementor-section-height-default\" data-id=\"6ad82868\" data-element_type=\"section\" data-settings=\"{&quot;background_background&quot;:&quot;classic&quot;,&quot;shape_divider_top&quot;:&quot;tilt&quot;,&quot;shape_divider_bottom&quot;:&quot;triangle-asymmetrical&quot;,&quot;shape_divider_bottom_negative&quot;:&quot;yes&quot;}\">\n\t\t\t\t\t\t\t<div class=\"elementor-background-overlay\"><\/div>\n\t\t\t\t\t\t<div class=\"elementor-shape elementor-shape-top\" aria-hidden=\"true\" data-negative=\"false\">\n\t\t\t<svg xmlns=\"http:\/\/www.w3.org\/2000\/svg\" viewBox=\"0 0 1000 100\" preserveAspectRatio=\"none\">\n\t<path class=\"elementor-shape-fill\" d=\"M0,6V0h1000v100L0,6z\"\/>\n<\/svg>\t\t<\/div>\n\t\t\t\t<div class=\"elementor-shape elementor-shape-bottom\" aria-hidden=\"true\" data-negative=\"true\">\n\t\t\t<svg xmlns=\"http:\/\/www.w3.org\/2000\/svg\" viewBox=\"0 0 1000 100\" preserveAspectRatio=\"none\">\n\t<path class=\"elementor-shape-fill\" d=\"M737.9,94.7L0,0v100h1000V0L737.9,94.7z\"\/>\n<\/svg>\t\t<\/div>\n\t\t\t\t\t<div class=\"elementor-container elementor-column-gap-default\">\n\t\t\t\t\t<div class=\"elementor-column elementor-col-100 elementor-top-column elementor-element elementor-element-6d65abf4\" data-id=\"6d65abf4\" data-element_type=\"column\">\n\t\t\t<div class=\"elementor-widget-wrap elementor-element-populated\">\n\t\t\t\t\t\t<section class=\"elementor-section elementor-inner-section elementor-element elementor-element-2797446e elementor-section-boxed elementor-section-height-default elementor-section-height-default\" data-id=\"2797446e\" data-element_type=\"section\">\n\t\t\t\t\t\t<div class=\"elementor-container elementor-column-gap-default\">\n\t\t\t\t\t<div class=\"elementor-column elementor-col-50 elementor-inner-column elementor-element elementor-element-6efba7a1\" data-id=\"6efba7a1\" data-element_type=\"column\" data-settings=\"{&quot;background_background&quot;:&quot;classic&quot;}\">\n\t\t\t<div class=\"elementor-widget-wrap elementor-element-populated\">\n\t\t\t\t\t<div class=\"elementor-background-overlay\"><\/div>\n\t\t\t\t\t\t<div class=\"elementor-element elementor-element-689df874 elementor-widget elementor-widget-heading\" data-id=\"689df874\" data-element_type=\"widget\" data-widget_type=\"heading.default\">\n\t\t\t\t<div class=\"elementor-widget-container\">\n\t\t\t\t\t<h2 class=\"elementor-heading-title elementor-size-default\">Le Pack Pass Carte Verte<\/h2>\t\t\t\t<\/div>\n\t\t\t\t<\/div>\n\t\t\t\t<div class=\"elementor-element elementor-element-2c9a4f09 elementor-widget elementor-widget-spacer\" data-id=\"2c9a4f09\" data-element_type=\"widget\" data-widget_type=\"spacer.default\">\n\t\t\t\t<div class=\"elementor-widget-container\">\n\t\t\t\t\t\t\t<div class=\"elementor-spacer\">\n\t\t\t<div class=\"elementor-spacer-inner\"><\/div>\n\t\t<\/div>\n\t\t\t\t\t\t<\/div>\n\t\t\t\t<\/div>\n\t\t\t\t<div class=\"elementor-element elementor-element-4134929a elementor-widget elementor-widget-text-editor\" data-id=\"4134929a\" data-element_type=\"widget\" data-widget_type=\"text-editor.default\">\n\t\t\t\t<div class=\"elementor-widget-container\">\n\t\t\t\t\t\t\t\t\t<p>1-<b> La formation est structur\u00e9e en trois niveaux.<\/b><\/p><p>Dans chaque niveau les cours sont structur\u00e9s par th\u00e8me :<\/p><ol><li>Th\u00e8me 1 &#8211; le putting.<\/li><li>Th\u00e8me 2 &#8211; les approches.<\/li><li>Th\u00e8me 3 &#8211; La mise en jeu au practice.<\/li><li>Th\u00e8me 4 &#8211; Les r\u00e8gles, l&rsquo;\u00e9tiquette et la d\u00e9couverte du parcours en jouant des trous.<\/li><\/ol><p>Pour passer de niveau en niveau des tests structur\u00e9s par la FFGolf vous seront propos\u00e9s, vous pourrez les passer autant de fois que n\u00e9cessaire.<\/p><p>Apr\u00e8s la r\u00e9ussite au test du niveau 3 vous avez obtenu votre carte verte.<\/p><p>Il n&rsquo;y a pas de limite de temps concernant les cours\u00a0 pour l&rsquo;obtention de votre carte verte, le club s&rsquo;engage sur des cours illimit\u00e9s pour son obtention.<\/p><p><b>2- L&rsquo;acc\u00e8s au parcours.<\/b><br \/>Avec votre pack, pendant 1 an vous b\u00e9n\u00e9ficier d&rsquo;un acc\u00e8s permanent aux parcours du Golf de Chartres Fontenay et au Golf du Bois d&rsquo;\u00d4.<\/p><p><b>3- Le planning des cours<\/b><br \/>Vous pouvez vous inscrire au club house du golf ou par t\u00e9l\u00e9phone aux diff\u00e9rents cours qui vous sont propos\u00e9s.<\/p><p><b>4- Une animation<\/b><br \/>Il vous sera propos\u00e9 par l&rsquo;\u00e9quipe enseignante des animations comme les comp\u00e9titions \u00e9ducatives. Celles-ci vous permettrons comme les cours collectifs de conna\u00eetre d&rsquo;autres joueurs.<\/p><p>\u00a0 \u00a0 \u00a0 \u00a0 \u00a0 \u00a0 \u00a0 \u00a0 \u00a0 \u00a0 \u00a0 \u00a0 \u00a0 \u00a0 \u00a0 \u00a0 \u00a0 \u00a0 \u00a0 \u00a0 \u00a0 \u00a0 \u00a0 \u00a0 \u00a0 \u00a0 \u00a0 <span style=\"text-decoration: underline;\"><strong>Tarif : 89\u20ac par mois\u00a0<\/strong><\/span><\/p><p>Ou<\/p><p><strong><span style=\"text-decoration: underline;\">135\u20ac par mois (avec Sac de golf, gant, 15 balles, rel\u00e8ve pitch et marque balle personnalis\u00e9s)<\/span><\/strong><\/p>\t\t\t\t\t\t\t\t<\/div>\n\t\t\t\t<\/div>\n\t\t\t\t<div class=\"elementor-element elementor-element-48d921c9 elementor-widget elementor-widget-heading\" data-id=\"48d921c9\" data-element_type=\"widget\" data-widget_type=\"heading.default\">\n\t\t\t\t<div class=\"elementor-widget-container\">\n\t\t\t\t\t<h2 class=\"elementor-heading-title elementor-size-default\">Renseignements au club house ou au 02 37 51 04 61<\/h2>\t\t\t\t<\/div>\n\t\t\t\t<\/div>\n\t\t\t\t<div class=\"elementor-element elementor-element-25a78715 elementor-align-center elementor-invisible elementor-widget elementor-widget-button\" data-id=\"25a78715\" data-element_type=\"widget\" data-settings=\"{&quot;_animation&quot;:&quot;fadeInUp&quot;,&quot;_animation_delay&quot;:&quot;200&quot;}\" data-widget_type=\"button.default\">\n\t\t\t\t<div class=\"elementor-widget-container\">\n\t\t\t\t\t\t\t\t\t<div class=\"elementor-button-wrapper\">\n\t\t\t\t\t<a class=\"elementor-button elementor-button-link elementor-size-md\" href=\"https:\/\/www.golf-bois-do.com\/newsite\/planning-pass-carte-verte\/\">\n\t\t\t\t\t\t<span class=\"elementor-button-content-wrapper\">\n\t\t\t\t\t\t\t\t\t<span class=\"elementor-button-text\">Acc\u00e8s au planning des cours<\/span>\n\t\t\t\t\t<\/span>\n\t\t\t\t\t<\/a>\n\t\t\t\t<\/div>\n\t\t\t\t\t\t\t\t<\/div>\n\t\t\t\t<\/div>\n\t\t\t\t\t<\/div>\n\t\t<\/div>\n\t\t\t\t<div class=\"elementor-column elementor-col-50 elementor-inner-column elementor-element elementor-element-3730e15\" data-id=\"3730e15\" data-element_type=\"column\" data-settings=\"{&quot;background_background&quot;:&quot;classic&quot;}\">\n\t\t\t<div class=\"elementor-widget-wrap elementor-element-populated\">\n\t\t\t\t\t\t<div class=\"elementor-element elementor-element-271a55fc elementor-invisible elementor-widget elementor-widget-heading\" data-id=\"271a55fc\" data-element_type=\"widget\" data-settings=\"{&quot;_animation&quot;:&quot;fadeInLeft&quot;,&quot;_animation_delay&quot;:&quot;500&quot;}\" data-widget_type=\"heading.default\">\n\t\t\t\t<div class=\"elementor-widget-container\">\n\t\t\t\t\t<h2 class=\"elementor-heading-title elementor-size-default\">Le Pass Carte Verte<\/h2>\t\t\t\t<\/div>\n\t\t\t\t<\/div>\n\t\t\t\t<div class=\"elementor-element elementor-element-3a61b4a6 elementor-invisible elementor-widget elementor-widget-text-editor\" data-id=\"3a61b4a6\" data-element_type=\"widget\" data-settings=\"{&quot;_animation&quot;:&quot;fadeInLeft&quot;,&quot;_animation_delay&quot;:&quot;400&quot;}\" data-widget_type=\"text-editor.default\">\n\t\t\t\t<div class=\"elementor-widget-container\">\n\t\t\t\t\t\t\t\t\t<p>Le Pass Carte Verte c\u2019est votre passeport pour les parcours. Il va attester que vous \u00eates un golfeur apte \u00e0 jouer tous les parcours, en pleine possession des bases essentielles pour que jouer au golf, n\u2019importe o\u00f9, avec n\u2019importe qui, ne soit que plaisir et confort.<\/p><h4>Votre apprentissage<\/h4><p>Son objectif est de vous permettre de jouer partout.<\/p><p><strong>Des grands coups au practice (th\u00e8me 3 du package)<br \/><\/strong><\/p><p>Selon les trous, leur longueur, Par 3, 4 ou 5\u2026 vous en aurez un ou plusieurs coups \u00e0 jouer.<br \/>Les enseignants vous am\u00e8nerons \u00e0 un niveau de jeu vous permettant de jouer agr\u00e9ablement sur tous les trous<\/p><p><strong>Des petits coups plus pr\u00e9cis l&rsquo;approche (th\u00e8me 2 du package)<br \/><\/strong><\/p><p>Vous apprendrez \u00e0 maitriser les coups d\u2019approche, les coups assez courts qui vont vers le green, et qui demandent une certaine pr\u00e9cision pour la direction, la longueur. Vous apprendrez \u00e0 les jouer de fa\u00e7on \u00e0 r\u00e9pondre aux diff\u00e9rentes configurations de trous, soit en faisant rouler la balle, soit en la levant s\u2019il faut franchir (eau, bunker)<\/p><p><strong>Sortir du bunker (th\u00e8me 2 pour le niveau 3)<br \/><\/strong><\/p><p>Que ce soit sur le parcours ou autour du green,\u00a0 la ma\u00eetrise de ces coups ne vous sera demand\u00e9e qu\u2019en fin de cycle.<\/p><h4>L\u2019essentiel des R\u00e8gles et l\u2019Etiquette et situation sur le parcours<\/h4><div><p><strong>En salle et sur un parcours (th\u00e8me 4 du package)<\/strong><\/p><p>\u00a0<\/p><\/div><p>En connaitre l\u2019essentiel d\u00e8s votre premier parcours vous permettra de mieux appr\u00e9cier votre partie. N\u2019oubliez pas que d\u00e8s vos premiers coups de golf, vous \u00eates golfeur, quelle que soit par la suite votre fr\u00e9quence et votre type de pratique !<\/p><h4>D\u00e9livrance de votre Pass<\/h4><p>C\u2019est le club qui validera aupr\u00e8s de la ffgolf, l\u2019obtention de vos niveaux <strong>apr\u00e8s les tests.<br \/><\/strong><\/p><p><strong> Puis votre Pass Carte Verte, <\/strong>dont vous pourrez vous pr\u00e9valoir dans tous les golfs de France, sera visible sur votre espace licenci\u00e9 (e) puis sur votre carte licence \u00e0 la saison prochaine.<\/p>\t\t\t\t\t\t\t\t<\/div>\n\t\t\t\t<\/div>\n\t\t\t\t\t<\/div>\n\t\t<\/div>\n\t\t\t\t\t<\/div>\n\t\t<\/section>\n\t\t\t\t\t<\/div>\n\t\t<\/div>\n\t\t\t\t\t<\/div>\n\t\t<\/section>\n\t\t\t\t<section class=\"elementor-section elementor-top-section elementor-element elementor-element-16a9a942 elementor-section-boxed elementor-section-height-default elementor-section-height-default\" data-id=\"16a9a942\" data-element_type=\"section\" data-settings=\"{&quot;background_background&quot;:&quot;classic&quot;,&quot;shape_divider_top&quot;:&quot;triangle-asymmetrical&quot;}\">\n\t\t\t\t\t\t\t<div class=\"elementor-background-overlay\"><\/div>\n\t\t\t\t\t\t<div class=\"elementor-shape elementor-shape-top\" aria-hidden=\"true\" data-negative=\"false\">\n\t\t\t<svg xmlns=\"http:\/\/www.w3.org\/2000\/svg\" viewBox=\"0 0 1000 100\" preserveAspectRatio=\"none\">\n\t<path class=\"elementor-shape-fill\" d=\"M738,99l262-93V0H0v5.6L738,99z\"\/>\n<\/svg>\t\t<\/div>\n\t\t\t\t\t<div class=\"elementor-container elementor-column-gap-default\">\n\t\t\t\t\t<div class=\"elementor-column elementor-col-100 elementor-top-column elementor-element elementor-element-74993f87\" data-id=\"74993f87\" data-element_type=\"column\">\n\t\t\t<div class=\"elementor-widget-wrap elementor-element-populated\">\n\t\t\t\t\t\t<div class=\"elementor-element elementor-element-26631d99 elementor-widget elementor-widget-heading\" data-id=\"26631d99\" data-element_type=\"widget\" data-widget_type=\"heading.default\">\n\t\t\t\t<div class=\"elementor-widget-container\">\n\t\t\t\t\t<h2 class=\"elementor-heading-title elementor-size-default\">T\u00e9moignages<\/h2>\t\t\t\t<\/div>\n\t\t\t\t<\/div>\n\t\t\t\t<div class=\"elementor-element elementor-element-6c4cfd69 elementor-widget-divider--view-line elementor-widget elementor-widget-divider\" data-id=\"6c4cfd69\" data-element_type=\"widget\" data-widget_type=\"divider.default\">\n\t\t\t\t<div class=\"elementor-widget-container\">\n\t\t\t\t\t\t\t<div class=\"elementor-divider\">\n\t\t\t<span class=\"elementor-divider-separator\">\n\t\t\t\t\t\t<\/span>\n\t\t<\/div>\n\t\t\t\t\t\t<\/div>\n\t\t\t\t<\/div>\n\t\t\t\t<section class=\"elementor-section elementor-inner-section elementor-element elementor-element-5ea3bd83 elementor-section-content-middle elementor-section-boxed elementor-section-height-default elementor-section-height-default\" data-id=\"5ea3bd83\" data-element_type=\"section\">\n\t\t\t\t\t\t<div class=\"elementor-container elementor-column-gap-no\">\n\t\t\t\t\t<div class=\"elementor-column elementor-col-100 elementor-inner-column elementor-element elementor-element-5a275b10\" data-id=\"5a275b10\" data-element_type=\"column\" data-settings=\"{&quot;background_background&quot;:&quot;classic&quot;}\">\n\t\t\t<div class=\"elementor-widget-wrap elementor-element-populated\">\n\t\t\t\t\t<div class=\"elementor-background-overlay\"><\/div>\n\t\t\t\t\t\t<div class=\"elementor-element elementor-element-35a4980 elementor-testimonial--layout-image_above elementor-testimonial--skin-bubble elementor-testimonial--align-center elementor-arrows-yes elementor-widget elementor-widget-testimonial-carousel\" data-id=\"35a4980\" data-element_type=\"widget\" data-settings=\"{&quot;slides_per_view&quot;:&quot;1&quot;,&quot;show_arrows&quot;:&quot;yes&quot;,&quot;speed&quot;:500,&quot;loop&quot;:&quot;yes&quot;,&quot;space_between&quot;:{&quot;unit&quot;:&quot;px&quot;,&quot;size&quot;:10,&quot;sizes&quot;:[]},&quot;space_between_tablet&quot;:{&quot;unit&quot;:&quot;px&quot;,&quot;size&quot;:10,&quot;sizes&quot;:[]},&quot;space_between_mobile&quot;:{&quot;unit&quot;:&quot;px&quot;,&quot;size&quot;:10,&quot;sizes&quot;:[]}}\" data-widget_type=\"testimonial-carousel.default\">\n\t\t\t\t<div class=\"elementor-widget-container\">\n\t\t\t\t\t\t\t\t\t<div class=\"elementor-swiper\">\n\t\t\t\t\t<div class=\"elementor-main-swiper swiper\" role=\"region\" aria-roledescription=\"carousel\" aria-label=\"Diapositives\">\n\t\t\t\t<div class=\"swiper-wrapper\">\n\t\t\t\t\t\t\t\t\t\t\t<div class=\"swiper-slide\" role=\"group\" aria-roledescription=\"slide\">\n\t\t\t\t\t\t\t\t\t<div class=\"elementor-testimonial\">\n\t\t\t\t\t\t\t<div class=\"elementor-testimonial__content\">\n\t\t\t\t\t<div class=\"elementor-testimonial__text\">\n\t\t\t\t\t\tLorsque je me suis inscrite j'avais l'appr\u00e9hension d'\u00eatre en d\u00e9calage avec les autres. Mais j'ai trouv\u00e9 tr\u00e8s vite le plaisir de jouer. \n\u00e9tait un plus.\n\nJ'ai recommand\u00e9 \u00e0 plusieurs connaissances la formation Pass Carte verte car L'apprentissage m'a beaucoup plu et la bonne humeur des participants \u00e9tait un plus.\n\nJe souhaite une suite pour les candidats qui le veulent avec des cours individuels ou collectfs.\t\t\t\t\t<\/div>\n\t\t\t\t\t\t\t\t\t<\/div>\n\t\t\t\t\t\t<div class=\"elementor-testimonial__footer\">\n\t\t\t\t\t\t\t\t\t<div class=\"elementor-testimonial__image\">\n\t\t\t\t\t\t<img decoding=\"async\" src=\"https:\/\/www.golf-bois-do.com\/newsite\/wp-content\/uploads\/2020\/04\/businesswoman-icon-as-avatar-profile-picture-picture-id514585871.jpg\" alt=\"Catherine D.\">\n\t\t\t\t\t\t\t\t\t\t\t<\/div>\n\t\t\t\t\t\t\t\t<cite class=\"elementor-testimonial__cite\"><span class=\"elementor-testimonial__name\">Catherine D.<\/span><span class=\"elementor-testimonial__title\">Pass Carte Verte 2019<\/span><\/cite>\t\t\t<\/div>\n\t\t<\/div>\n\t\t\t\t\t\t\t\t<\/div>\n\t\t\t\t\t\t\t\t\t\t\t<div class=\"swiper-slide\" role=\"group\" aria-roledescription=\"slide\">\n\t\t\t\t\t\t\t\t\t<div class=\"elementor-testimonial\">\n\t\t\t\t\t\t\t<div class=\"elementor-testimonial__content\">\n\t\t\t\t\t<div class=\"elementor-testimonial__text\">\n\t\t\t\t\t\tAu d\u00e9but des cours je craignais que les cours collectifs ne permettent pas des conseils personnalis\u00e9s : et bien j'ai eu la preuve du contraire ! J'ai obtenu de progresser, de prendre plaisir et ....la carte verte qui va me permettre de jouer dans ma nouvelle ville!\nJ'ai d\u00e9couvert aussi la \"comp\u00e9tition \" sur un mode plaisir et non \"concours\" gr\u00e2ce aux comp\u00e9titions \u00e9ducatives. \nEt aussi qu'il \u00e9tait aussi acceptable et accept\u00e9 que chacun progresse \u00e0 son rythme : certains passent la carte en quelques semaines et d'autres, comme moi, en plusieurs trimestres! Tout le monde reste bienvenu et la bienveillance est l\u00e0.\nJe pense que la progression est tr\u00e8s largement due aux explications simples et aux exercices.\nJ'ai pu faire des essais et prendre plaisir sur les parcours sans stress.\nLe fait que les cours pr\u00e9vus ont toujours eu lieu m\u00eame si une fois j'\u00e9tais la seule participante. \nLes encouragements patients.\nLe fait d'\u00eatre reconnue en arrivant. \nLe choix des cours le samedi matin ou apr\u00e8s-midi.\nPour am\u00e9liorer le forfait, ce serait  : avoir quelques fiches aide-m\u00e9moire et se voir en vid\u00e9o pour am\u00e9liorer sa position. \t\t\t\t\t<\/div>\n\t\t\t\t\t\t\t\t\t<\/div>\n\t\t\t\t\t\t<div class=\"elementor-testimonial__footer\">\n\t\t\t\t\t\t\t\t\t<div class=\"elementor-testimonial__image\">\n\t\t\t\t\t\t<img decoding=\"async\" src=\"https:\/\/www.golf-bois-do.com\/newsite\/wp-content\/uploads\/2020\/04\/businesswoman-icon-as-avatar-profile-picture-picture-id514585871.jpg\" alt=\"Gaelle P.\">\n\t\t\t\t\t\t\t\t\t\t\t<\/div>\n\t\t\t\t\t\t\t\t<cite class=\"elementor-testimonial__cite\"><span class=\"elementor-testimonial__name\">Gaelle P.<\/span><span class=\"elementor-testimonial__title\">Pass Carte Verte  2019<\/span><\/cite>\t\t\t<\/div>\n\t\t<\/div>\n\t\t\t\t\t\t\t\t<\/div>\n\t\t\t\t\t\t\t\t\t\t\t<div class=\"swiper-slide\" role=\"group\" aria-roledescription=\"slide\">\n\t\t\t\t\t\t\t\t\t<div class=\"elementor-testimonial\">\n\t\t\t\t\t\t\t<div class=\"elementor-testimonial__content\">\n\t\t\t\t\t<div class=\"elementor-testimonial__text\">\n\t\t\t\t\t\tUn peu au moment de l'examen, n\u2019ayant jamais tap\u00e9 de bois car je n\u2019en avais pas\u2026 la difficult\u00e9 pour moi \u00e9tait d\u2019atteindre la distance demand\u00e9e. Et j\u2019ai tap\u00e9 mes 1ers bois le jour de l\u2019\u00e9preuve et au final, \u00e7a ne s\u2019est pas trop mal pass\u00e9. J'\u00e9tais satisfait en grande partie, mais pour moi il aurait fallu dispenser quelques cours sur l\u2019utilisation des bois (coups longs)\net sur les sorties de bunker. Un grand plus \u00e0 la convivialit\u00e9. Je recommanderai ce package, pour apprendre les bases du jeu et de l\u2019\u00e9tiquette. Apr\u00e8s l\u2019obtention du Pass, proposer une autre formule de formation\/soutien pour consolider quelque peu notre jeu encore tr\u00e8s h\u00e9sitant.\t\t\t\t\t<\/div>\n\t\t\t\t\t\t\t\t\t<\/div>\n\t\t\t\t\t\t<div class=\"elementor-testimonial__footer\">\n\t\t\t\t\t\t\t\t\t<div class=\"elementor-testimonial__image\">\n\t\t\t\t\t\t<img decoding=\"async\" src=\"https:\/\/www.golf-bois-do.com\/newsite\/wp-content\/uploads\/2020\/04\/homme-avatars.jpg\" alt=\"Eric D.\">\n\t\t\t\t\t\t\t\t\t\t\t<\/div>\n\t\t\t\t\t\t\t\t<cite class=\"elementor-testimonial__cite\"><span class=\"elementor-testimonial__name\">Eric D.<\/span><span class=\"elementor-testimonial__title\">Pass Carte Verte 2019<\/span><\/cite>\t\t\t<\/div>\n\t\t<\/div>\n\t\t\t\t\t\t\t\t<\/div>\n\t\t\t\t\t\t\t\t\t<\/div>\n\t\t\t\t\t\t\t\t\t\t\t\t\t\t\t\t\t\t\t\t<div class=\"elementor-swiper-button elementor-swiper-button-prev\" role=\"button\" tabindex=\"0\" aria-label=\"Pr\u00e9c\u00e9dent\">\n\t\t\t\t\t\t\t<i aria-hidden=\"true\" class=\"eicon-chevron-left\"><\/i>\t\t\t\t\t\t<\/div>\n\t\t\t\t\t\t<div class=\"elementor-swiper-button elementor-swiper-button-next\" role=\"button\" tabindex=\"0\" aria-label=\"Suivant\">\n\t\t\t\t\t\t\t<i aria-hidden=\"true\" class=\"eicon-chevron-right\"><\/i>\t\t\t\t\t\t<\/div>\n\t\t\t\t\t\t\t\t\t\t\t\t<\/div>\n\t\t\t\t<\/div>\n\t\t\t\t\t\t\t\t<\/div>\n\t\t\t\t<\/div>\n\t\t\t\t\t<\/div>\n\t\t<\/div>\n\t\t\t\t\t<\/div>\n\t\t<\/section>\n\t\t\t\t\t<\/div>\n\t\t<\/div>\n\t\t\t\t\t<\/div>\n\t\t<\/section>\n\t\t\t\t<\/div>\n\t\t","protected":false},"excerpt":{"rendered":"<p>La Carte Verte Obtenez votre permis de golfer Le Pack Pass Carte Verte 1- La formation est structur\u00e9e en trois niveaux. Dans chaque niveau les cours sont structur\u00e9s par th\u00e8me : Th\u00e8me 1 &#8211; le putting. Th\u00e8me 2 &#8211; les approches. Th\u00e8me 3 &#8211; La mise en jeu au practice. Th\u00e8me 4 &#8211; Les r\u00e8gles, &hellip; <\/p>\n<p class=\"link-more\"><a href=\"https:\/\/www.golf-bois-do.com\/newsite\/pass-carte-verte\/\" class=\"more-link\">Lire la suite de<span class=\"screen-reader-text\">\u00ab\u00a0Pass Carte Verte\u00a0\u00bb<\/span><\/a><\/p>\n","protected":false},"author":1,"featured_media":0,"parent":0,"menu_order":0,"comment_status":"closed","ping_status":"closed","template":"","meta":{"_inspiro_hide_title":false,"footnotes":""},"_links":{"self":[{"href":"https:\/\/www.golf-bois-do.com\/newsite\/wp-json\/wp\/v2\/pages\/422"}],"collection":[{"href":"https:\/\/www.golf-bois-do.com\/newsite\/wp-json\/wp\/v2\/pages"}],"about":[{"href":"https:\/\/www.golf-bois-do.com\/newsite\/wp-json\/wp\/v2\/types\/page"}],"author":[{"embeddable":true,"href":"https:\/\/www.golf-bois-do.com\/newsite\/wp-json\/wp\/v2\/users\/1"}],"replies":[{"embeddable":true,"href":"https:\/\/www.golf-bois-do.com\/newsite\/wp-json\/wp\/v2\/comments?post=422"}],"version-history":[{"count":24,"href":"https:\/\/www.golf-bois-do.com\/newsite\/wp-json\/wp\/v2\/pages\/422\/revisions"}],"predecessor-version":[{"id":6137,"href":"https:\/\/www.golf-bois-do.com\/newsite\/wp-json\/wp\/v2\/pages\/422\/revisions\/6137"}],"wp:attachment":[{"href":"https:\/\/www.golf-bois-do.com\/newsite\/wp-json\/wp\/v2\/media?parent=422"}],"curies":[{"name":"wp","href":"https:\/\/api.w.org\/{rel}","templated":true}]}}