{"id":5514,"date":"2024-06-01T13:21:22","date_gmt":"2024-06-01T11:21:22","guid":{"rendered":"https:\/\/www.golf-bois-do.com\/newsite\/?page_id=5514"},"modified":"2026-01-04T14:45:03","modified_gmt":"2026-01-04T13:45:03","slug":"notre-histoire","status":"publish","type":"page","link":"https:\/\/www.golf-bois-do.com\/newsite\/notre-histoire\/","title":{"rendered":"Notre histoire"},"content":{"rendered":"\t\t<div data-elementor-type=\"wp-page\" data-elementor-id=\"5514\" class=\"elementor elementor-5514\" data-elementor-post-type=\"page\">\n\t\t\t\t\t\t<section class=\"elementor-section elementor-top-section elementor-element elementor-element-8fc6073 elementor-section-boxed elementor-section-height-default elementor-section-height-default\" data-id=\"8fc6073\" data-element_type=\"section\">\n\t\t\t\t\t\t<div class=\"elementor-container elementor-column-gap-default\">\n\t\t\t\t\t<div class=\"elementor-column elementor-col-100 elementor-top-column elementor-element elementor-element-5f25d3ea\" data-id=\"5f25d3ea\" data-element_type=\"column\">\n\t\t\t<div class=\"elementor-widget-wrap elementor-element-populated\">\n\t\t\t\t\t\t<div class=\"elementor-element elementor-element-18a06f09 elementor-widget elementor-widget-text-editor\" data-id=\"18a06f09\" data-element_type=\"widget\" data-widget_type=\"text-editor.default\">\n\t\t\t\t<div class=\"elementor-widget-container\">\n\t\t\t\t\t\t\t\t\t<p><\/p>\n<p>Racont\u00e9 par Fran\u00e7ois EVAIN<\/p>\n<p><\/p>\n<p><\/p>\n<div class=\"is-layout-flex wp-container-core-columns-is-layout-4 wp-block-columns-is-layout-flex\">\n<p><\/p>\n<div class=\"is-layout-flow wp-block-column-is-layout-flow\">\n<p><\/p>\n<p>C&rsquo;est durant l&rsquo;\u00e9t\u00e9 1987 que prit naissance la premi\u00e8re exp\u00e9rience golfique au Bois d&rsquo;O. Cela consista \u00e0&nbsp;ouvrir sur le pr\u00e9 du \u00ab Four \u00e0 Chaux \u00bb, un Practice. ( Le Four \u00e0 Chaux est un sous-terrain jouxtant le Club House d&rsquo;o\u00f9 fut tir\u00e9e la chaux qui permit de construire la Ferme de Gland.) C&rsquo;est ainsi que le pr\u00e9 a \u00e9t\u00e9 coup\u00e9 \u00e0 l&rsquo;aide d&rsquo;une Tondeuse \u00e0 rouleau sur un espace d&rsquo;environ 2 Ha ( 20000 m 2) et c&rsquo;est sur cette surface que pendant pr\u00e8s d&rsquo;un an, nous avons commenc\u00e9 \u00e0 nous entrainer \u00e0 taper des balles.<\/p>\n<p><\/p>\n<\/div>\n<p><\/p>\n<p><\/p>\n<div class=\"is-layout-flow wp-block-column-is-layout-flow\">\n<p><\/p>\n<figure><img decoding=\"async\" style=\"width: 237px; height: auto;\" src=\"https:\/\/www.golf-bois-do.com\/newsite\/wp-content\/uploads\/2024\/06\/IMG_9751-2-1.heic\" alt=\"\"><\/figure>\n<p><\/p>\n<\/div>\n<p><\/p>\n<\/div>\n<p><\/p>\n<p><\/p>\n<p><strong>Premiers D\u00e9veloppements : 1987-1989<\/strong><\/p>\n<p><\/p>\n<p><\/p>\n<ul>\n<li style=\"list-style-type: none;\">\n<ul><\/ul>\n<\/li>\n<\/ul>\n<ul>\n<li style=\"list-style-type: none;\">\n<ul>\n<li><strong>1987<\/strong> : Ouverture de la premi\u00e8re aire de jeu avec 5 tapis de practice et 500 balles.<\/li>\n<\/ul>\n<\/li>\n<\/ul>\n<p><\/p>\n<p><\/p>\n<ul>\n<li style=\"list-style-type: none;\">\n<ul>\n<li><strong>1988<\/strong> : Cr\u00e9ation de deux greens (putting-green et green d\u2019approche).<\/li>\n<\/ul>\n<\/li>\n<\/ul>\n<p><\/p>\n<p><\/p>\n<ul>\n<li style=\"list-style-type: none;\">\n<ul>\n<li><strong>1989<\/strong> : Agrandissement du practice \u00e0 4 hectares et installation de 15 tapis. D\u00e9but de la construction du premier parcours de 9 trous, \u00ab Les Pommiers \u00bb, avec l\u2019aide d\u2019un paysagiste.<\/li>\n<\/ul>\n<\/li>\n<\/ul>\n<p><\/p>\n<p><\/p>\n<p><\/p>\n<figure><img decoding=\"async\" style=\"width: 569px; height: auto;\" src=\"https:\/\/www.golf-bois-do.com\/newsite\/wp-content\/uploads\/2024\/05\/Golf-du-Bois-dO-Club-House--1024x439.jpg\" alt=\"\"><\/figure>\n<p><\/p>\n<p><\/p>\n<p><strong>Expansion et Homologation : 1990-2000<\/strong><\/p>\n<p><\/p>\n<p><\/p>\n<ul>\n<li style=\"list-style-type: none;\">\n<ul><\/ul>\n<\/li>\n<\/ul>\n<ul>\n<li style=\"list-style-type: none;\">\n<ul>\n<li><strong>1990<\/strong> : Homologation des 9 trous par la F\u00e9d\u00e9ration Fran\u00e7aise de Golf (FFG) et construction d\u2019un chalet pour accueillir les joueurs.<\/li>\n<\/ul>\n<\/li>\n<\/ul>\n<p><\/p>\n<p><\/p>\n<ul>\n<li style=\"list-style-type: none;\">\n<ul>\n<li><strong>1995<\/strong> : Cr\u00e9ation du parcours \u00ab L&rsquo;\u00c9tang \u00bb avec un \u00e9tang creus\u00e9 pour la construction des greens, r\u00e9alis\u00e9 par l\u2019entreprise ARPAJA et dessin\u00e9 par Stephen Moskal.<\/li>\n<\/ul>\n<\/li>\n<\/ul>\n<p><\/p>\n<p><\/p>\n<ul>\n<li style=\"list-style-type: none;\">\n<ul>\n<li><strong>2000<\/strong> : Agrandissement du Club House avec une construction en dur de 70 m\u00b2.<\/li>\n<\/ul>\n<\/li>\n<\/ul>\n<p><\/p>\n<p><\/p>\n<p><\/p>\n<div class=\"is-layout-flex wp-container-core-columns-is-layout-5 wp-block-columns-is-layout-flex\">\n<p><\/p>\n<div class=\"is-layout-flow wp-block-column-is-layout-flow\">\n<p><\/p>\n<figure><img decoding=\"async\" style=\"width: 330px; height: auto;\" src=\"https:\/\/www.golf-bois-do.com\/newsite\/wp-content\/uploads\/2024\/06\/IMG_9757-2.heic\" alt=\"\"><\/figure>\n<p><\/p>\n<\/div>\n<p><\/p>\n<p><\/p>\n<div class=\"is-layout-flow wp-block-column-is-layout-flow\">\n<p><\/p>\n<p><strong>Nouveaux D\u00e9veloppements : 2000-2011<\/strong><\/p>\n<p><\/p>\n<p><\/p>\n<ul>\n<li style=\"list-style-type: none;\">\n<ul><\/ul>\n<\/li>\n<\/ul>\n<ul>\n<li style=\"list-style-type: none;\">\n<ul>\n<li><strong>2002<\/strong> : Ouverture du parcours \u00ab Les Gen\u00eats \u00bb, dessin\u00e9 par Stephen Moskal et construit par Green Park.<\/li>\n<\/ul>\n<\/li>\n<\/ul>\n<p><\/p>\n<p><\/p>\n<ul>\n<li style=\"list-style-type: none;\">\n<ul>\n<li><strong>2010-2011<\/strong> : Expansion du Club House \u00e0 200 m\u00b2 avec nouvelle cuisine et sanitaires pour accueillir des comp\u00e9titions, s\u00e9minaires et \u00e9v\u00e9nements.<\/li>\n<\/ul>\n<\/li>\n<\/ul>\n<p><\/p>\n<p><\/p>\n<\/div>\n<p><\/p>\n<\/div>\n<p><\/p>\n<p><\/p>\n<p><strong>Enseignement et Gestion<\/strong><\/p>\n<p><\/p>\n<p><\/p>\n<p>Plusieurs professeurs ont marqu\u00e9 l\u2019histoire du club :<\/p>\n<p><\/p>\n<p><\/p>\n<ul>\n<li style=\"list-style-type: none;\">\n<ul><\/ul>\n<\/li>\n<\/ul>\n<ul>\n<li style=\"list-style-type: none;\">\n<ul>\n<li>Patrick Terru (maintenant en Suisse)<\/li>\n<\/ul>\n<\/li>\n<\/ul>\n<p><\/p>\n<p><\/p>\n<ul>\n<li style=\"list-style-type: none;\">\n<ul>\n<li>Stephen Moskal (retourn\u00e9 aux USA)&nbsp;<\/li>\n<\/ul>\n<\/li>\n<\/ul>\n<p><\/p>\n<p><\/p>\n<ul>\n<li style=\"list-style-type: none;\">\n<ul>\n<li>C\u00e9dric Colpin (20 ans au Bois d&rsquo;\u00d4, maintenant \u00e0 Fontenay)<\/li>\n<\/ul>\n<\/li>\n<\/ul>\n<p><\/p>\n<p><\/p>\n<ul>\n<li style=\"list-style-type: none;\">\n<ul>\n<li>Jordan Bruy\u00e8re (depuis 2020)<\/li>\n<\/ul>\n<\/li>\n<\/ul>\n<p><\/p>\n<p><\/p>\n<p><\/p>\n<p>Actuellement, le Golf du Bois d&rsquo;\u00d4 est g\u00e9r\u00e9 par Matthieu Evain.<\/p>\n<div><img decoding=\"async\" class=\"wp-image-6100 alignnone\" src=\"https:\/\/www.golf-bois-do.com\/newsite\/wp-content\/uploads\/2025\/10\/matthieu-231x300.jpg\" alt=\"\" width=\"110\" height=\"143\" srcset=\"https:\/\/www.golf-bois-do.com\/newsite\/wp-content\/uploads\/2025\/10\/matthieu-231x300.jpg 231w, https:\/\/www.golf-bois-do.com\/newsite\/wp-content\/uploads\/2025\/10\/matthieu-790x1024.jpg 790w, https:\/\/www.golf-bois-do.com\/newsite\/wp-content\/uploads\/2025\/10\/matthieu-768x995.jpg 768w, https:\/\/www.golf-bois-do.com\/newsite\/wp-content\/uploads\/2025\/10\/matthieu.jpg 1179w\" sizes=\"(max-width: 110px) 100vw, 110px\" \/><\/div>\n<p><\/p>\n<p><\/p>\n<p><\/p>\n<figure class=\"wp-block-gallery-2 is-layout-flex wp-block-gallery-is-layout-flex\"><\/p>\n<\/figure>\n<p><\/p>\n<p><\/p>\n<p><strong>Origine du Nom \u00ab Bois d&rsquo;\u00d4 \u00bb<\/strong><\/p>\n<p><\/p>\n<p><\/p>\n<p>Le nom provient du petit bois pr\u00e8s de l&rsquo;ancienne maison familiale, au fond du parcours des pommiers.<\/p>\n<p><\/p>\n<p><\/p>\n<p><strong>Pourquoi un Golf ?<\/strong><\/p>\n<p><\/p>\n<p><\/p>\n<div class=\"is-layout-flex wp-container-core-columns-is-layout-6 wp-block-columns-is-layout-flex\">\n<p><\/p>\n<div class=\"is-layout-flow wp-block-column-is-layout-flow\">\n<p><\/p>\n<p>Inspir\u00e9 par la popularit\u00e9 croissante du golf dans les ann\u00e9es 80 et apr\u00e8s des ann\u00e9es \u00e0 l\u2019\u00e9tranger, le fondateur d\u00e9cida de se lancer dans ce projet ambitieux, transformant la ferme familiale en un terrain de golf renomm\u00e9.&nbsp;<\/p>\n<p><\/p>\n<\/div>\n<p><\/p>\n<p><\/p>\n<div class=\"is-layout-flow wp-block-column-is-layout-flow\">\n<p><\/p>\n<figure><img decoding=\"async\" style=\"width: 299px; height: auto;\" src=\"https:\/\/www.golf-bois-do.com\/newsite\/wp-content\/uploads\/2024\/06\/IMG_9753-2.heic\" alt=\"\"><\/figure>\n<p><\/p>\n<\/div>\n<p><\/p>\n<\/div>\n<p><\/p>\n<p><\/p>\n<h3 class=\"wp-block-heading\">Chronologie des Constructions<\/h3>\n<p><\/p>\n<p><\/p>\n<ul>\n<li style=\"list-style-type: none;\">\n<ul><\/ul>\n<\/li>\n<\/ul>\n<ul>\n<li style=\"list-style-type: none;\">\n<ul>\n<li><strong>1987<\/strong> : Ouverture du practice sur 2 ha<\/li>\n<\/ul>\n<\/li>\n<\/ul>\n<p><\/p>\n<p><\/p>\n<ul>\n<li style=\"list-style-type: none;\">\n<ul>\n<li><strong>1988-1989<\/strong> : Cr\u00e9ation du premier parcours de 9 trous, \u00ab Les Pommiers \u00bb<\/li>\n<\/ul>\n<\/li>\n<\/ul>\n<p><\/p>\n<p><\/p>\n<ul>\n<li style=\"list-style-type: none;\">\n<ul>\n<li><strong>1995<\/strong> : Construction du parcours \u00ab L&rsquo;\u00c9tang \u00bb<\/li>\n<\/ul>\n<\/li>\n<\/ul>\n<p><\/p>\n<p><\/p>\n<ul>\n<li style=\"list-style-type: none;\">\n<ul>\n<li><strong>2002<\/strong> : Construction du parcours \u00ab Les Gen\u00eats \u00bb<\/li>\n<\/ul>\n<\/li>\n<\/ul>\n<p><\/p>\n<p><\/p>\n<ul>\n<li style=\"list-style-type: none;\">\n<ul>\n<li><strong>2000<\/strong> : Agrandissement du Club House<\/li>\n<\/ul>\n<\/li>\n<\/ul>\n<p><\/p>\n<p><\/p>\n<ul>\n<li style=\"list-style-type: none;\">\n<ul>\n<li><strong>2010-2011<\/strong> : Nouvelle expansion du Club House<\/li>\n<\/ul>\n<\/li>\n<\/ul>\n<p><\/p>\n<p><\/p>\n<p><\/p>\n<p>Aujourd&rsquo;hui, le Golf du Bois d&rsquo;\u00d4 comprend trois parcours distincts : \u00ab Les Pommiers \u00bb, \u00ab L&rsquo;\u00c9tang \u00bb, et \u00ab Les Gen\u00eats \u00bb, offrant une exp\u00e9rience golfique compl\u00e8te et diversifi\u00e9e pour tous les niveaux de joueurs.<\/p>\n<p><\/p>\n<p><\/p>\n<figure><img decoding=\"async\" style=\"width: 540px; height: auto;\" src=\"https:\/\/www.golf-bois-do.com\/newsite\/wp-content\/uploads\/2024\/06\/Capture-decran-2024-06-01-a-13.12.29-1024x470.png\" alt=\"\"><\/figure>\n<p><\/p>\t\t\t\t\t\t\t\t<\/div>\n\t\t\t\t<\/div>\n\t\t\t\t\t<\/div>\n\t\t<\/div>\n\t\t\t\t\t<\/div>\n\t\t<\/section>\n\t\t\t\t<\/div>\n\t\t","protected":false},"excerpt":{"rendered":"<p>Racont\u00e9 par Fran\u00e7ois EVAIN C&rsquo;est durant l&rsquo;\u00e9t\u00e9 1987 que prit naissance la premi\u00e8re exp\u00e9rience golfique au Bois d&rsquo;O. Cela consista \u00e0&nbsp;ouvrir sur le pr\u00e9 du \u00ab Four \u00e0 Chaux \u00bb, un Practice. ( Le Four \u00e0 Chaux est un sous-terrain jouxtant le Club House d&rsquo;o\u00f9 fut tir\u00e9e la chaux qui permit de construire la Ferme &hellip; <\/p>\n<p class=\"link-more\"><a href=\"https:\/\/www.golf-bois-do.com\/newsite\/notre-histoire\/\" class=\"more-link\">Lire la suite de<span class=\"screen-reader-text\">\u00ab\u00a0Notre histoire\u00a0\u00bb<\/span><\/a><\/p>\n","protected":false},"author":1,"featured_media":0,"parent":0,"menu_order":0,"comment_status":"closed","ping_status":"closed","template":"","meta":{"_inspiro_hide_title":false,"footnotes":""},"_links":{"self":[{"href":"https:\/\/www.golf-bois-do.com\/newsite\/wp-json\/wp\/v2\/pages\/5514"}],"collection":[{"href":"https:\/\/www.golf-bois-do.com\/newsite\/wp-json\/wp\/v2\/pages"}],"about":[{"href":"https:\/\/www.golf-bois-do.com\/newsite\/wp-json\/wp\/v2\/types\/page"}],"author":[{"embeddable":true,"href":"https:\/\/www.golf-bois-do.com\/newsite\/wp-json\/wp\/v2\/users\/1"}],"replies":[{"embeddable":true,"href":"https:\/\/www.golf-bois-do.com\/newsite\/wp-json\/wp\/v2\/comments?post=5514"}],"version-history":[{"count":15,"href":"https:\/\/www.golf-bois-do.com\/newsite\/wp-json\/wp\/v2\/pages\/5514\/revisions"}],"predecessor-version":[{"id":6267,"href":"https:\/\/www.golf-bois-do.com\/newsite\/wp-json\/wp\/v2\/pages\/5514\/revisions\/6267"}],"wp:attachment":[{"href":"https:\/\/www.golf-bois-do.com\/newsite\/wp-json\/wp\/v2\/media?parent=5514"}],"curies":[{"name":"wp","href":"https:\/\/api.w.org\/{rel}","templated":true}]}}