{"id":6175,"date":"2025-11-14T09:19:47","date_gmt":"2025-11-14T08:19:47","guid":{"rendered":"https:\/\/www.golf-bois-do.com\/newsite\/?page_id=6175"},"modified":"2025-12-20T19:53:28","modified_gmt":"2025-12-20T18:53:28","slug":"menu-du-reveillon-au-golf-du-bois-do","status":"publish","type":"page","link":"https:\/\/www.golf-bois-do.com\/newsite\/menu-du-reveillon-au-golf-du-bois-do\/","title":{"rendered":"MENU DU REVEILLON au GOLF DU BOIS DO"},"content":{"rendered":"\t\t<div data-elementor-type=\"wp-page\" data-elementor-id=\"6175\" class=\"elementor elementor-6175\" data-elementor-post-type=\"page\">\n\t\t\t\t\t\t<section class=\"elementor-section elementor-top-section elementor-element elementor-element-9de63f3 elementor-section-boxed elementor-section-height-default elementor-section-height-default\" data-id=\"9de63f3\" data-element_type=\"section\">\n\t\t\t\t\t\t<div class=\"elementor-container elementor-column-gap-default\">\n\t\t\t\t\t<div class=\"elementor-column elementor-col-100 elementor-top-column elementor-element elementor-element-01028b6\" data-id=\"01028b6\" data-element_type=\"column\">\n\t\t\t<div class=\"elementor-widget-wrap elementor-element-populated\">\n\t\t\t\t\t\t<div class=\"elementor-element elementor-element-c8ab358 elementor-widget elementor-widget-image\" data-id=\"c8ab358\" data-element_type=\"widget\" data-widget_type=\"image.default\">\n\t\t\t\t<div class=\"elementor-widget-container\">\n\t\t\t\t\t\t\t\t\t\t\t\t\t\t\t<img fetchpriority=\"high\" decoding=\"async\" width=\"737\" height=\"1024\" src=\"https:\/\/www.golf-bois-do.com\/newsite\/wp-content\/uploads\/2025\/11\/flyer_31-dec-2025-737x1024.jpeg\" class=\"attachment-large size-large wp-image-6169\" alt=\"\" srcset=\"https:\/\/www.golf-bois-do.com\/newsite\/wp-content\/uploads\/2025\/11\/flyer_31-dec-2025-737x1024.jpeg 737w, https:\/\/www.golf-bois-do.com\/newsite\/wp-content\/uploads\/2025\/11\/flyer_31-dec-2025-216x300.jpeg 216w, https:\/\/www.golf-bois-do.com\/newsite\/wp-content\/uploads\/2025\/11\/flyer_31-dec-2025-768x1067.jpeg 768w, https:\/\/www.golf-bois-do.com\/newsite\/wp-content\/uploads\/2025\/11\/flyer_31-dec-2025-1106x1536.jpeg 1106w, https:\/\/www.golf-bois-do.com\/newsite\/wp-content\/uploads\/2025\/11\/flyer_31-dec-2025.jpeg 1299w\" sizes=\"100vw\" \/>\t\t\t\t\t\t\t\t\t\t\t\t\t\t\t<\/div>\n\t\t\t\t<\/div>\n\t\t\t\t\t<\/div>\n\t\t<\/div>\n\t\t\t\t\t<\/div>\n\t\t<\/section>\n\t\t\t\t<section class=\"elementor-section elementor-top-section elementor-element elementor-element-9cb7ed1 elementor-section-boxed elementor-section-height-default elementor-section-height-default\" data-id=\"9cb7ed1\" data-element_type=\"section\">\n\t\t\t\t\t\t<div class=\"elementor-container elementor-column-gap-default\">\n\t\t\t\t\t<div class=\"elementor-column elementor-col-100 elementor-top-column elementor-element elementor-element-a87fde1\" data-id=\"a87fde1\" data-element_type=\"column\">\n\t\t\t<div class=\"elementor-widget-wrap elementor-element-populated\">\n\t\t\t\t\t\t<div class=\"elementor-element elementor-element-8846108 elementor-widget__width-initial elementor-widget elementor-widget-heading\" data-id=\"8846108\" data-element_type=\"widget\" data-widget_type=\"heading.default\">\n\t\t\t\t<div class=\"elementor-widget-container\">\n\t\t\t\t\t<h5 class=\"elementor-heading-title elementor-size-default\">Depuis maintenant 10 ans, la soir\u00e9e de la Saint-Sylvestre au Golf du Bois D\u2019\u00d4 remporte un succ\u00e8s grandissant !<br>\nCette ann\u00e9e encore, DJ Christophe TESTON sera pr\u00e9sent pour vous faire vivre une nuit festive et inoubliable.<br>\nLes places \u00e9tant limit\u00e9es, r\u00e9servez votre table au plus vite<br>\nInscriptions par t\u00e9l\u00e9phone au 02 37 51 04 61.<br>\nUn acompte de 30 \u20ac par personne sera demand\u00e9 pour confirmer votre r\u00e9servation.\n<br>Rejoignez-nous pour c\u00e9l\u00e9brer la nouvelle ann\u00e9e dans une ambiance chaleureuse et conviviale ! \ud83c\udf89<\/h5>\t\t\t\t<\/div>\n\t\t\t\t<\/div>\n\t\t\t\t\t<\/div>\n\t\t<\/div>\n\t\t\t\t\t<\/div>\n\t\t<\/section>\n\t\t\t\t<\/div>\n\t\t","protected":false},"excerpt":{"rendered":"<p>Depuis maintenant 10 ans, la soir\u00e9e de la Saint-Sylvestre au Golf du Bois D\u2019\u00d4 remporte un succ\u00e8s grandissant ! Cette ann\u00e9e encore, DJ Christophe TESTON sera pr\u00e9sent pour vous faire vivre une nuit festive et inoubliable. Les places \u00e9tant limit\u00e9es, r\u00e9servez votre table au plus vite Inscriptions par t\u00e9l\u00e9phone au 02 37 51 04 61. &hellip; <\/p>\n<p class=\"link-more\"><a href=\"https:\/\/www.golf-bois-do.com\/newsite\/menu-du-reveillon-au-golf-du-bois-do\/\" class=\"more-link\">Lire la suite de<span class=\"screen-reader-text\">\u00ab\u00a0MENU DU REVEILLON au GOLF DU BOIS DO\u00a0\u00bb<\/span><\/a><\/p>\n","protected":false},"author":6,"featured_media":0,"parent":0,"menu_order":0,"comment_status":"closed","ping_status":"closed","template":"","meta":{"_inspiro_hide_title":false,"footnotes":""},"_links":{"self":[{"href":"https:\/\/www.golf-bois-do.com\/newsite\/wp-json\/wp\/v2\/pages\/6175"}],"collection":[{"href":"https:\/\/www.golf-bois-do.com\/newsite\/wp-json\/wp\/v2\/pages"}],"about":[{"href":"https:\/\/www.golf-bois-do.com\/newsite\/wp-json\/wp\/v2\/types\/page"}],"author":[{"embeddable":true,"href":"https:\/\/www.golf-bois-do.com\/newsite\/wp-json\/wp\/v2\/users\/6"}],"replies":[{"embeddable":true,"href":"https:\/\/www.golf-bois-do.com\/newsite\/wp-json\/wp\/v2\/comments?post=6175"}],"version-history":[{"count":8,"href":"https:\/\/www.golf-bois-do.com\/newsite\/wp-json\/wp\/v2\/pages\/6175\/revisions"}],"predecessor-version":[{"id":6234,"href":"https:\/\/www.golf-bois-do.com\/newsite\/wp-json\/wp\/v2\/pages\/6175\/revisions\/6234"}],"wp:attachment":[{"href":"https:\/\/www.golf-bois-do.com\/newsite\/wp-json\/wp\/v2\/media?parent=6175"}],"curies":[{"name":"wp","href":"https:\/\/api.w.org\/{rel}","templated":true}]}}