{"id":6348,"date":"2026-03-06T19:48:36","date_gmt":"2026-03-06T18:48:36","guid":{"rendered":"https:\/\/www.golf-bois-do.com\/newsite\/?page_id=6348"},"modified":"2026-03-06T19:53:55","modified_gmt":"2026-03-06T18:53:55","slug":"seminaire-2","status":"publish","type":"page","link":"https:\/\/www.golf-bois-do.com\/newsite\/seminaire-2\/","title":{"rendered":"S\u00e9minaire"},"content":{"rendered":"\t\t<div data-elementor-type=\"wp-page\" data-elementor-id=\"6348\" class=\"elementor elementor-6348\" data-elementor-post-type=\"page\">\n\t\t\t\t\t\t<section class=\"elementor-section elementor-top-section elementor-element elementor-element-6cd199ad elementor-section-boxed elementor-section-height-default elementor-section-height-default\" data-id=\"6cd199ad\" data-element_type=\"section\">\n\t\t\t\t\t\t<div class=\"elementor-container elementor-column-gap-default\">\n\t\t\t\t\t<div class=\"elementor-column elementor-col-100 elementor-top-column elementor-element elementor-element-17f956a0\" data-id=\"17f956a0\" data-element_type=\"column\">\n\t\t\t<div class=\"elementor-widget-wrap elementor-element-populated\">\n\t\t\t\t\t\t<div class=\"elementor-element elementor-element-4f9eb467 elementor-widget elementor-widget-text-editor\" data-id=\"4f9eb467\" data-element_type=\"widget\" data-widget_type=\"text-editor.default\">\n\t\t\t\t<div class=\"elementor-widget-container\">\n\t\t\t\t\t\t\t\t\t\n<h2 class=\"wp-block-heading has-text-align-center\">ORGANISEZ VOTRE \u00c9V\u00c9NEMENT AU GOLF DU BOIS D&rsquo;\u00d4<br><\/h2>\n\n\n\n<h3 class=\"wp-block-heading\">Le Golf du Bois d&rsquo;\u00d4 vous accueille tout au long de l\u2019ann\u00e9e pour vos :<\/h3>\n\n\n\n<ul>\n<li>S\u00e9minaires d\u2019entreprise<\/li>\n\n\n\n<li>Anniversaires<\/li>\n\n\n\n<li>D\u00e9parts \u00e0 la retraite<\/li>\n\n\n\n<li>\u00c9v\u00e9nements priv\u00e9s &amp; professionnels<\/li>\n\n\n\n<li>Offrez \u00e0 vos invit\u00e9s un cadre naturel, chaleureux et \u00e9l\u00e9gant pour un moment inoubliable.         <\/li>\n<\/ul>\n\n\n\n<div class=\"wp-block-group is-style-default has-light-background-background-color has-background has-global-padding is-layout-constrained wp-block-group-is-layout-constrained\" style=\"padding-top:60px;padding-bottom:60px;padding-left:0\">\n<div class=\"wp-block-group has-global-padding is-layout-constrained wp-block-group-is-layout-constrained\">\n<div class=\"wp-block-columns is-layout-flex wp-container-core-columns-is-layout-7 wp-block-columns-is-layout-flex\" style=\"padding-top:0;padding-right:0;padding-bottom:0;padding-left:0\">\n<div class=\"wp-block-column is-vertically-aligned-top is-layout-flow wp-block-column-is-layout-flow\" style=\"flex-basis:50%\">\n<figure class=\"wp-block-gallery has-nested-images columns-default is-cropped wp-block-gallery-5 is-layout-flex wp-block-gallery-is-layout-flex\">\n<figure class=\"wp-block-image size-large\"><img fetchpriority=\"high\" decoding=\"async\" width=\"1024\" height=\"758\" src=\"https:\/\/www.golf-bois-do.com\/newsite\/wp-content\/uploads\/2026\/02\/632509175_2153273911874741_5977351625942333209_n-1-1024x758.jpg\" alt=\"\" class=\"wp-image-6298\" srcset=\"https:\/\/www.golf-bois-do.com\/newsite\/wp-content\/uploads\/2026\/02\/632509175_2153273911874741_5977351625942333209_n-1-1024x758.jpg 1024w, https:\/\/www.golf-bois-do.com\/newsite\/wp-content\/uploads\/2026\/02\/632509175_2153273911874741_5977351625942333209_n-1-300x222.jpg 300w, https:\/\/www.golf-bois-do.com\/newsite\/wp-content\/uploads\/2026\/02\/632509175_2153273911874741_5977351625942333209_n-1.jpg 1290w\" sizes=\"(max-width: 1024px) 100vw, 1024px\" \/><\/figure>\n<\/figure>\n<\/div>\n\n\n\n<div class=\"wp-block-column is-vertically-aligned-top is-layout-flow wp-block-column-is-layout-flow\" style=\"padding-left:var(--wp--preset--spacing--80);flex-basis:50%\">\n<h2 class=\"wp-block-heading has-large-font-size\">Location de salle<\/h2>\n\n\n\n<p><strong>150\u20ac la demi-journ\u00e9e<br><\/strong><\/p>\n\n\n\n<p>Salle privatis\u00e9e, calme et lumineuse, id\u00e9ale pour vos r\u00e9unions professionnelles.<\/p>\n\n\n\n<p>Elle est \u00e9quip\u00e9e d\u2019un c\u00e2ble HDMI permettant de connecter facilement votre ordinateur \u00e0 la t\u00e9l\u00e9vision, d\u2019une grande table de s\u00e9minaire favorisant les \u00e9changes, et offre une vue agr\u00e9able sur le golf.<\/p>\n\n\n\n<p>L\u2019espace dispose \u00e9galement d\u2019un acc\u00e8s direct aux sanitaires pour un confort optimal de vos collaborateurs.<\/p>\n<\/div>\n<\/div>\n<\/div>\n<\/div>\n\n\n\n<figure class=\"wp-block-gallery has-nested-images columns-default is-cropped wp-block-gallery-6 is-layout-flex wp-block-gallery-is-layout-flex\">\n<figure class=\"wp-block-image size-large\"><img decoding=\"async\" width=\"1024\" height=\"563\" data-id=\"6340\" src=\"https:\/\/www.golf-bois-do.com\/newsite\/wp-content\/uploads\/2026\/03\/WhatsApp-Image-2026-03-03-at-15.15.03-1-1-1024x563.jpeg\" alt=\"\" class=\"wp-image-6340\" srcset=\"https:\/\/www.golf-bois-do.com\/newsite\/wp-content\/uploads\/2026\/03\/WhatsApp-Image-2026-03-03-at-15.15.03-1-1-1024x563.jpeg 1024w, https:\/\/www.golf-bois-do.com\/newsite\/wp-content\/uploads\/2026\/03\/WhatsApp-Image-2026-03-03-at-15.15.03-1-1-300x165.jpeg 300w, https:\/\/www.golf-bois-do.com\/newsite\/wp-content\/uploads\/2026\/03\/WhatsApp-Image-2026-03-03-at-15.15.03-1-1.jpeg 1290w\" sizes=\"(max-width: 1024px) 100vw, 1024px\" \/><\/figure>\n\n\n\n<figure class=\"wp-block-image size-large\"><img decoding=\"async\" width=\"1024\" height=\"683\" data-id=\"6341\" src=\"https:\/\/www.golf-bois-do.com\/newsite\/wp-content\/uploads\/2026\/03\/WhatsApp-Image-2026-03-03-at-15.15.03-2-1024x683.jpeg\" alt=\"\" class=\"wp-image-6341\" srcset=\"https:\/\/www.golf-bois-do.com\/newsite\/wp-content\/uploads\/2026\/03\/WhatsApp-Image-2026-03-03-at-15.15.03-2-1024x683.jpeg 1024w, https:\/\/www.golf-bois-do.com\/newsite\/wp-content\/uploads\/2026\/03\/WhatsApp-Image-2026-03-03-at-15.15.03-2-300x200.jpeg 300w, https:\/\/www.golf-bois-do.com\/newsite\/wp-content\/uploads\/2026\/03\/WhatsApp-Image-2026-03-03-at-15.15.03-2.jpeg 1536w\" sizes=\"(max-width: 1024px) 100vw, 1024px\" \/><\/figure>\n<\/figure>\n\n\n\n<div style=\"height:69px\" aria-hidden=\"true\" class=\"wp-block-spacer\"><\/div>\n\n\n\n<div class=\"wp-block-group has-global-padding is-layout-constrained wp-block-group-is-layout-constrained\">\n<div class=\"wp-block-group is-layout-flow wp-block-group-is-layout-flow\">\n<h2 class=\"wp-block-heading\">Nos formules pause<\/h2>\n\n\n\n<div style=\"height:34px\" aria-hidden=\"true\" class=\"wp-block-spacer\"><\/div>\n\n\n\n<figure class=\"wp-block-gallery alignright has-nested-images columns-default is-cropped wp-block-gallery-7 is-layout-flex wp-block-gallery-is-layout-flex\">\n<figure class=\"wp-block-image size-large is-resized\"><img loading=\"lazy\" decoding=\"async\" width=\"950\" height=\"500\" src=\"https:\/\/www.golf-bois-do.com\/newsite\/wp-content\/uploads\/2026\/02\/viennoiseries-5.jpg\" alt=\"\" class=\"wp-image-6318\" style=\"width:272px;height:auto\" srcset=\"https:\/\/www.golf-bois-do.com\/newsite\/wp-content\/uploads\/2026\/02\/viennoiseries-5.jpg 950w, https:\/\/www.golf-bois-do.com\/newsite\/wp-content\/uploads\/2026\/02\/viennoiseries-5-300x158.jpg 300w\" sizes=\"(max-width: 950px) 100vw, 950px\" \/><\/figure>\n\n\n\n<figure class=\"wp-block-image size-large is-resized\"><img loading=\"lazy\" decoding=\"async\" width=\"1024\" height=\"880\" src=\"https:\/\/www.golf-bois-do.com\/newsite\/wp-content\/uploads\/2026\/02\/632630209_2153273918541407_3445937429959960225_n-1024x880.jpg\" alt=\"\" class=\"wp-image-6299\" style=\"width:277px;height:auto\" srcset=\"https:\/\/www.golf-bois-do.com\/newsite\/wp-content\/uploads\/2026\/02\/632630209_2153273918541407_3445937429959960225_n-1024x880.jpg 1024w, https:\/\/www.golf-bois-do.com\/newsite\/wp-content\/uploads\/2026\/02\/632630209_2153273918541407_3445937429959960225_n-300x258.jpg 300w, https:\/\/www.golf-bois-do.com\/newsite\/wp-content\/uploads\/2026\/02\/632630209_2153273918541407_3445937429959960225_n.jpg 1290w\" sizes=\"(max-width: 1024px) 100vw, 1024px\" \/><\/figure>\n<\/figure>\n\n\n\n<p>3 formules \u00e0 votre disposition :                                                                                                               <\/p>\n\n\n\n<p>\u2022 <strong>3\u20ac<\/strong> \u2013 Boissons chaudes au choix                                  <br>\u2022 <strong>5\u20ac<\/strong> \u2013 Boissons chaudes + jus de fruits<br>\u2022 <strong>8\u20ac<\/strong> \u2013 Boissons chaudes + jus de fruits + viennoiseries<\/p>\n\n\n\n<div style=\"height:96px\" aria-hidden=\"true\" class=\"wp-block-spacer\"><\/div>\n\n\n\n<h3 class=\"wp-block-heading has-text-align-center has-large-font-size\"> ANNIVERSAIRES &amp; D\u00c9PARTS \u00c0 LA RETRAITE&#8230;<\/h3>\n\n\n\n<p>Nous vous proposons diff\u00e9rentes formules personnalisables selon vos envies :<\/p>\n\n\n\n<div class=\"wp-block-columns is-layout-flex wp-container-core-columns-is-layout-8 wp-block-columns-is-layout-flex\">\n<div class=\"wp-block-column is-style-default is-layout-flow wp-block-column-is-layout-flow\" style=\"border-style:none;border-width:0px;padding-top:0;padding-right:0;padding-bottom:0;padding-left:0\">\n<h2 class=\"wp-block-heading\">\ud83c\udf7d Menu midi<\/h2>\n\n\n\n<figure class=\"wp-block-image size-large\"><img loading=\"lazy\" decoding=\"async\" width=\"722\" height=\"1024\" src=\"https:\/\/www.golf-bois-do.com\/newsite\/wp-content\/uploads\/2026\/02\/Menu-Decouverte-1-3-722x1024.jpg\" alt=\"\" class=\"wp-image-6308\" srcset=\"https:\/\/www.golf-bois-do.com\/newsite\/wp-content\/uploads\/2026\/02\/Menu-Decouverte-1-3-722x1024.jpg 722w, https:\/\/www.golf-bois-do.com\/newsite\/wp-content\/uploads\/2026\/02\/Menu-Decouverte-1-3-212x300.jpg 212w, https:\/\/www.golf-bois-do.com\/newsite\/wp-content\/uploads\/2026\/02\/Menu-Decouverte-1-3.jpg 1410w\" sizes=\"(max-width: 722px) 100vw, 722px\" \/><\/figure>\n<\/div>\n\n\n\n<div class=\"wp-block-column is-style-default is-layout-flow wp-block-column-is-layout-flow\" style=\"border-style:none;border-width:0px;padding-top:0;padding-right:0;padding-bottom:0;padding-left:0\">\n<h2 class=\"wp-block-heading\">\ud83c\udf7d Cocktail dinatoire<\/h2>\n\n\n\n<figure class=\"wp-block-image size-large\"><img loading=\"lazy\" decoding=\"async\" width=\"722\" height=\"1024\" src=\"https:\/\/www.golf-bois-do.com\/newsite\/wp-content\/uploads\/2026\/02\/Menu-Decouverte-2-1-722x1024.jpg\" alt=\"\" class=\"wp-image-6309\" srcset=\"https:\/\/www.golf-bois-do.com\/newsite\/wp-content\/uploads\/2026\/02\/Menu-Decouverte-2-1-722x1024.jpg 722w, https:\/\/www.golf-bois-do.com\/newsite\/wp-content\/uploads\/2026\/02\/Menu-Decouverte-2-1-212x300.jpg 212w, https:\/\/www.golf-bois-do.com\/newsite\/wp-content\/uploads\/2026\/02\/Menu-Decouverte-2-1.jpg 1410w\" sizes=\"(max-width: 722px) 100vw, 722px\" \/><\/figure>\n<\/div>\n\n\n\n<div class=\"wp-block-column is-style-default is-layout-flow wp-block-column-is-layout-flow\" style=\"border-style:none;border-width:0px;padding-top:0;padding-right:0;padding-bottom:0;padding-left:0\">\n<h2 class=\"wp-block-heading\">\ud83c\udf7d Menu entreprise<\/h2>\n\n\n\n<figure class=\"wp-block-image size-large\"><img loading=\"lazy\" decoding=\"async\" width=\"722\" height=\"1024\" src=\"https:\/\/www.golf-bois-do.com\/newsite\/wp-content\/uploads\/2026\/02\/Menu-Decouverte-3-1-722x1024.jpg\" alt=\"\" class=\"wp-image-6310\" srcset=\"https:\/\/www.golf-bois-do.com\/newsite\/wp-content\/uploads\/2026\/02\/Menu-Decouverte-3-1-722x1024.jpg 722w, https:\/\/www.golf-bois-do.com\/newsite\/wp-content\/uploads\/2026\/02\/Menu-Decouverte-3-1-212x300.jpg 212w, https:\/\/www.golf-bois-do.com\/newsite\/wp-content\/uploads\/2026\/02\/Menu-Decouverte-3-1.jpg 1410w\" sizes=\"(max-width: 722px) 100vw, 722px\" \/><\/figure>\n<\/div>\n<\/div>\n<\/div>\n<\/div>\n\n\n\n<div id=\"team\" class=\"wp-block-group has-global-padding is-layout-constrained wp-block-group-is-layout-constrained\">\n<div class=\"wp-block-group is-layout-flow wp-block-group-is-layout-flow\">\n<div style=\"height:52px\" aria-hidden=\"true\" class=\"wp-block-spacer\"><\/div>\n<\/div>\n<\/div>\n\n\n\n<div style=\"height:27px\" aria-hidden=\"true\" class=\"wp-block-spacer\"><\/div>\n\n\n\n<div class=\"wp-block-group is-nowrap is-layout-flex wp-container-core-group-is-layout-18 wp-block-group-is-layout-flex\">\n<div style=\"height:100px;width:0px\" aria-hidden=\"true\" class=\"wp-block-spacer wp-container-content-8\"><\/div>\n\n\n\n<div id=\"team\" class=\"wp-block-group has-global-padding is-layout-constrained wp-block-group-is-layout-constrained\">\n<div class=\"wp-block-group is-layout-flow wp-block-group-is-layout-flow\">\n<h2 class=\"wp-block-heading has-large-font-size\">Initiation au golf<\/h2>\n\n\n\n<div style=\"height:47px\" aria-hidden=\"true\" class=\"wp-block-spacer\"><\/div>\n\n\n\n<div style=\"height:0px\" aria-hidden=\"true\" class=\"wp-block-spacer\"><\/div>\n\n\n\n<div class=\"wp-block-columns is-layout-flex wp-container-core-columns-is-layout-9 wp-block-columns-is-layout-flex\">\n<div class=\"wp-block-column is-style-default is-layout-flow wp-block-column-is-layout-flow\" style=\"border-style:none;border-width:0px;padding-top:0;padding-right:0;padding-bottom:0;padding-left:0\">\n<figure class=\"wp-block-image size-full is-resized is-style-default\"><img loading=\"lazy\" decoding=\"async\" width=\"1536\" height=\"2048\" src=\"https:\/\/www.golf-bois-do.com\/newsite\/wp-content\/uploads\/2026\/02\/631960290_2153273965208069_6076422886035576944_n.jpg\" alt=\"\" class=\"wp-image-6312\" style=\"width:388px;height:auto\" srcset=\"https:\/\/www.golf-bois-do.com\/newsite\/wp-content\/uploads\/2026\/02\/631960290_2153273965208069_6076422886035576944_n.jpg 1536w, https:\/\/www.golf-bois-do.com\/newsite\/wp-content\/uploads\/2026\/02\/631960290_2153273965208069_6076422886035576944_n-225x300.jpg 225w, https:\/\/www.golf-bois-do.com\/newsite\/wp-content\/uploads\/2026\/02\/631960290_2153273965208069_6076422886035576944_n-768x1024.jpg 768w\" sizes=\"(max-width: 1536px) 100vw, 1536px\" \/><\/figure>\n\n\n\n<h3 class=\"wp-block-heading\">Approche<\/h3>\n<\/div>\n\n\n\n<div class=\"wp-block-column is-style-default is-layout-flow wp-block-column-is-layout-flow\" style=\"border-style:none;border-width:0px;padding-top:0;padding-right:0;padding-bottom:0;padding-left:0\">\n<figure class=\"wp-block-image size-full is-resized\"><img loading=\"lazy\" decoding=\"async\" width=\"1536\" height=\"2048\" src=\"https:\/\/www.golf-bois-do.com\/newsite\/wp-content\/uploads\/2026\/02\/WhatsApp-Image-2026-02-17-at-11.41.20-1.jpeg\" alt=\"\" class=\"wp-image-6316\" style=\"width:388px;height:auto\" srcset=\"https:\/\/www.golf-bois-do.com\/newsite\/wp-content\/uploads\/2026\/02\/WhatsApp-Image-2026-02-17-at-11.41.20-1.jpeg 1536w, https:\/\/www.golf-bois-do.com\/newsite\/wp-content\/uploads\/2026\/02\/WhatsApp-Image-2026-02-17-at-11.41.20-1-225x300.jpeg 225w, https:\/\/www.golf-bois-do.com\/newsite\/wp-content\/uploads\/2026\/02\/WhatsApp-Image-2026-02-17-at-11.41.20-1-768x1024.jpeg 768w\" sizes=\"(max-width: 1536px) 100vw, 1536px\" \/><\/figure>\n\n\n\n<h3 class=\"wp-block-heading\">Putting <\/h3>\n<\/div>\n\n\n\n<div class=\"wp-block-column is-style-default is-layout-flow wp-block-column-is-layout-flow\" style=\"border-style:none;border-width:0px;padding-top:0;padding-right:0;padding-bottom:0;padding-left:0\">\n<figure class=\"wp-block-image size-full is-resized\"><img loading=\"lazy\" decoding=\"async\" width=\"1170\" height=\"2022\" src=\"https:\/\/www.golf-bois-do.com\/newsite\/wp-content\/uploads\/2026\/02\/WhatsApp-Image-2026-02-17-at-11.46.14-1.jpeg\" alt=\"\" class=\"wp-image-6317\" style=\"width:299px;height:auto\" srcset=\"https:\/\/www.golf-bois-do.com\/newsite\/wp-content\/uploads\/2026\/02\/WhatsApp-Image-2026-02-17-at-11.46.14-1.jpeg 1170w, https:\/\/www.golf-bois-do.com\/newsite\/wp-content\/uploads\/2026\/02\/WhatsApp-Image-2026-02-17-at-11.46.14-1-174x300.jpeg 174w, https:\/\/www.golf-bois-do.com\/newsite\/wp-content\/uploads\/2026\/02\/WhatsApp-Image-2026-02-17-at-11.46.14-1-593x1024.jpeg 593w\" sizes=\"(max-width: 1170px) 100vw, 1170px\" \/><\/figure>\n\n\n\n<h3 class=\"wp-block-heading\">Swing<\/h3>\n<\/div>\n<\/div>\n\n\n\n<div style=\"height:0px\" aria-hidden=\"true\" class=\"wp-block-spacer\"><\/div>\n\n\n\n<p>Nous proposons une activit\u00e9 encadr\u00e9e d\u2019environ <strong>2 heures<\/strong>, id\u00e9ale pour d\u00e9couvrir et comprendre les bases du golf : r\u00e8gles, fonctionnement, techniques essentielles et premi\u00e8res sensations sur le practice.<\/p>\n\n\n\n<div style=\"height:3px\" aria-hidden=\"true\" class=\"wp-block-spacer\"><\/div>\n\n\n\n<p>Une exp\u00e9rience conviviale et ludique, parfaite pour renforcer la coh\u00e9sion d\u2019\u00e9quipe lors de vos s\u00e9minaires ou \u00e9v\u00e9nements.<\/p>\n\n\n\n<div style=\"height:43px\" aria-hidden=\"true\" class=\"wp-block-spacer\"><\/div>\n\n\n\n<p>Budget initiation : <\/p>\n\n\n\n<ul>\n<li>9 euros les 3 zones d&rsquo;entra\u00eenement <\/li>\n\n\n\n<li>12 euros les 3 zones d&rsquo;entra\u00eenement + compact<\/li>\n\n\n\n<li>90 euros l&rsquo;heure avec pro <\/li>\n\n\n\n<li>150 euros les deux heures avec pro <\/li>\n<\/ul>\n\n\n\n<div class=\"wp-block-columns is-layout-flex wp-container-core-columns-is-layout-10 wp-block-columns-is-layout-flex\">\n<div class=\"wp-block-column is-style-default is-layout-flow wp-block-column-is-layout-flow\" style=\"border-style:none;border-width:0px;padding-top:0;padding-right:0;padding-bottom:0;padding-left:0\">\n<figure class=\"wp-block-image size-full is-resized\"><img loading=\"lazy\" decoding=\"async\" width=\"1536\" height=\"2048\" src=\"https:\/\/www.golf-bois-do.com\/newsite\/wp-content\/uploads\/2026\/02\/WhatsApp-Image-2025-09-19-a-11.09.14_9900c178.jpg\" alt=\"\" class=\"wp-image-6320\" style=\"width:387px;height:auto\" srcset=\"https:\/\/www.golf-bois-do.com\/newsite\/wp-content\/uploads\/2026\/02\/WhatsApp-Image-2025-09-19-a-11.09.14_9900c178.jpg 1536w, https:\/\/www.golf-bois-do.com\/newsite\/wp-content\/uploads\/2026\/02\/WhatsApp-Image-2025-09-19-a-11.09.14_9900c178-225x300.jpg 225w, https:\/\/www.golf-bois-do.com\/newsite\/wp-content\/uploads\/2026\/02\/WhatsApp-Image-2025-09-19-a-11.09.14_9900c178-768x1024.jpg 768w\" sizes=\"(max-width: 1536px) 100vw, 1536px\" \/><\/figure>\n<\/div>\n\n\n\n<div class=\"wp-block-column is-style-default is-layout-flow wp-block-column-is-layout-flow\" style=\"border-style:none;border-width:0px;padding-top:0;padding-right:0;padding-bottom:0;padding-left:0\">\n<figure class=\"wp-block-image size-full is-resized\"><img loading=\"lazy\" decoding=\"async\" width=\"1290\" height=\"929\" src=\"https:\/\/www.golf-bois-do.com\/newsite\/wp-content\/uploads\/2026\/02\/IMG_3832.jpg\" alt=\"\" class=\"wp-image-6321\" style=\"width:717px;height:auto\" srcset=\"https:\/\/www.golf-bois-do.com\/newsite\/wp-content\/uploads\/2026\/02\/IMG_3832.jpg 1290w, https:\/\/www.golf-bois-do.com\/newsite\/wp-content\/uploads\/2026\/02\/IMG_3832-300x216.jpg 300w, https:\/\/www.golf-bois-do.com\/newsite\/wp-content\/uploads\/2026\/02\/IMG_3832-1024x737.jpg 1024w\" sizes=\"(max-width: 1290px) 100vw, 1290px\" \/><\/figure>\n<\/div>\n\n\n\n<div class=\"wp-block-column is-style-default is-layout-flow wp-block-column-is-layout-flow\" style=\"border-style:none;border-width:0px;padding-top:0;padding-right:0;padding-bottom:0;padding-left:0\"><\/div>\n<\/div>\n\n\n\n<div style=\"height:12px\" aria-hidden=\"true\" class=\"wp-block-spacer\"><\/div>\n<\/div>\n<\/div>\n<\/div>\n\n\n\n<div class=\"wp-block-group has-global-padding is-layout-constrained wp-block-group-is-layout-constrained\">\n<p>Profitez d\u2019un vaste espace ext\u00e9rieur avec <strong>grande terrasse plein sud<\/strong>, id\u00e9ale pour organiser vos ap\u00e9ritifs d\u00eenatoires en terrasse dans un cadre privil\u00e9gi\u00e9.<\/p>\n\n\n\n<p>Offrant une <strong>vue imprenable sur le golf<\/strong>, cet environnement verdoyant et paisible cr\u00e9e une atmosph\u00e8re conviviale et \u00e9l\u00e9gante, parfaite pour vos \u00e9v\u00e9nements professionnels ou priv\u00e9s.<\/p>\n\n\n\n<p>Un lieu lumineux, chaleureux et exclusif, propice aux \u00e9changes et aux moments de partage.<\/p>\n\n\n\n<div style=\"height:114px\" aria-hidden=\"true\" class=\"wp-block-spacer\"><\/div>\n\n\n\n<div class=\"wp-block-group is-layout-flow wp-block-group-is-layout-flow\">\n<p>N\u2019h\u00e9sitez pas \u00e0 nous contacter au <strong>02 37 51 04 61<\/strong> pour plus d\u2019informations sur nos menus propos\u00e9s et personnalis\u00e9s.<\/p>\n\n\n\n<div style=\"height:114px\" aria-hidden=\"true\" class=\"wp-block-spacer\"><\/div>\n\n\n\n<div class=\"wp-block-columns is-layout-flex wp-container-core-columns-is-layout-12 wp-block-columns-is-layout-flex\">\n<div class=\"wp-block-column is-layout-flow wp-block-column-is-layout-flow\">\n<h2 class=\"wp-block-heading has-text-align-left has-large-font-size\">Localisation <\/h2>\n\n\n\n<div class=\"wp-block-columns is-layout-flex wp-container-core-columns-is-layout-11 wp-block-columns-is-layout-flex\">\n<div class=\"wp-block-column is-layout-flow wp-block-column-is-layout-flow\">\n<p><strong><a href=\"https:\/\/www.google.com\/search?sca_esv=37a1d56e91fd2a24&amp;rlz=1C1GCEA_enFR1192FR1192&amp;sxsrf=ANbL-n6vP52pK3YA0C8UJTiLNkUNGEdnug:1771331359612&amp;q=golf+du+bois+do+adresse&amp;ludocid=17594174687299461192&amp;sa=X&amp;sqi=2&amp;ved=2ahUKEwith-DDw-CSAxWxRaQEHSJ6L7gQ6BN6BAgjEAI\">Adresse<\/a>&nbsp;:&nbsp;<\/strong><\/p>\n\n\n\n<p><a href=\"https:\/\/www.google.com\/maps\/place\/\/data=!4m2!3m1!1s0x47e3fb2a072d2951:0xf42b10a900a76048?sa=X&amp;ved=1t:8290&amp;ictx=111\">Le Gland, 28170 Saint-Maixme-Hauterive<\/a><\/p>\n\n\n\n<p><strong>T\u00e9l\u00e9phone&nbsp;:&nbsp;<\/strong><a href=\"https:\/\/www.google.com\/search?q=golf+du+bois+d%27%C3%B4&amp;rlz=1C1GCEA_enFR1192FR1192&amp;oq=golf+du+bois+d%27%C3%B4&amp;gs_lcrp=EgZjaHJvbWUqCggAEAAY4wIYgAQyCggAEAAY4wIYgAQyEAgBEC4YrwEYxwEYgAQYjgUyCggCEAAYChgWGB4yCAgDEAAYFhgeMggIBBAAGBYYHjIKCAUQABgKGBYYHjIICAYQABgWGB4yCAgHEAAYFhgeMgoICBAAGAoYFhgeMggICRAAGBYYHtIBCTM5MjNqMGoxNagCCLACAfEFZPtiSUTcFbU&amp;sourceid=chrome&amp;ie=UTF-8#\">02 37 51 04 61<\/a><a href=\"mailto:contact@golf-bois-do.com\"><\/a><\/p>\n\n\n\n<p><a href=\"mailto:contact@golf-bois-do.com\"><strong>Email Direct<\/strong><\/a><\/p>\n\n\n\n<p>contact@golf-bois-do.com<\/p>\n\n\n\n<p><strong><a href=\"https:\/\/www.google.com\/search?sca_esv=37a1d56e91fd2a24&amp;rlz=1C1GCEA_enFR1192FR1192&amp;sxsrf=ANbL-n6vP52pK3YA0C8UJTiLNkUNGEdnug:1771331359612&amp;q=golf+du+bois+do+horaires&amp;ludocid=17594174687299461192&amp;sa=X&amp;sqi=2&amp;ved=2ahUKEwith-DDw-CSAxWxRaQEHSJ6L7gQ6BN6BAgkEAI\">Horaires<\/a>&nbsp;:&nbsp;<\/strong><\/p>\n\n\n\n<figure class=\"wp-block-table\"><table><tbody><tr><td>mardi<\/td><td>08:30\u201318:00<\/td><\/tr><tr><td>mercredi<\/td><td>08:30\u201318:00<\/td><\/tr><tr><td>jeudi<\/td><td>08:30\u201318:00<\/td><\/tr><tr><td>vendredi<\/td><td>08:30\u201318:00<\/td><\/tr><tr><td>samedi<\/td><td>08:30\u201318:00<\/td><\/tr><tr><td>dimanche<\/td><td>08:30\u201318:00<\/td><\/tr><tr><td>lundi<\/td><td>08:30\u201318:00<\/td><\/tr><\/tbody><\/table><\/figure>\n<\/div>\n<\/div>\n<\/div>\n\n\n\n<div class=\"wp-block-column is-layout-flow wp-block-column-is-layout-flow\">\n<figure class=\"wp-block-image size-large is-resized\"><img loading=\"lazy\" decoding=\"async\" width=\"1024\" height=\"768\" src=\"https:\/\/www.golf-bois-do.com\/newsite\/wp-content\/uploads\/2026\/02\/DSC00029-1024x768.jpg\" alt=\"\" class=\"wp-image-6319\" style=\"width:711px;height:auto\" srcset=\"https:\/\/www.golf-bois-do.com\/newsite\/wp-content\/uploads\/2026\/02\/DSC00029-1024x768.jpg 1024w, https:\/\/www.golf-bois-do.com\/newsite\/wp-content\/uploads\/2026\/02\/DSC00029-300x225.jpg 300w, https:\/\/www.golf-bois-do.com\/newsite\/wp-content\/uploads\/2026\/02\/DSC00029-2000x1500.jpg 2000w\" sizes=\"(max-width: 1024px) 100vw, 1024px\" \/><\/figure>\n<\/div>\n<\/div>\n\n\n\n<div style=\"height:100px\" aria-hidden=\"true\" class=\"wp-block-spacer\"><\/div>\n\n\n\n<hr class=\"wp-block-separator has-text-color has-lightgrey-color has-alpha-channel-opacity has-lightgrey-background-color has-background is-style-wide\"\/>\n<\/div>\n\n\n\n<div style=\"height:100px\" aria-hidden=\"true\" class=\"wp-block-spacer\"><\/div>\n<\/div>\n\n\n\n<div style=\"height:50px\" aria-hidden=\"true\" class=\"wp-block-spacer\"><\/div>\n\n\n\n<div style=\"height:100px\" aria-hidden=\"true\" class=\"wp-block-spacer\"><\/div>\n\t\t\t\t\t\t\t\t<\/div>\n\t\t\t\t<\/div>\n\t\t\t\t\t<\/div>\n\t\t<\/div>\n\t\t\t\t\t<\/div>\n\t\t<\/section>\n\t\t\t\t<\/div>\n\t\t","protected":false},"excerpt":{"rendered":"<p>ORGANISEZ VOTRE \u00c9V\u00c9NEMENT AU GOLF DU BOIS D&rsquo;\u00d4 Le Golf du Bois d&rsquo;\u00d4 vous accueille tout au long de l\u2019ann\u00e9e pour vos : Location de salle 150\u20ac la demi-journ\u00e9e Salle privatis\u00e9e, calme et lumineuse, id\u00e9ale pour vos r\u00e9unions professionnelles. Elle est \u00e9quip\u00e9e d\u2019un c\u00e2ble HDMI permettant de connecter facilement votre ordinateur \u00e0 la t\u00e9l\u00e9vision, d\u2019une &hellip; <\/p>\n<p class=\"link-more\"><a href=\"https:\/\/www.golf-bois-do.com\/newsite\/seminaire-2\/\" class=\"more-link\">Lire la suite de<span class=\"screen-reader-text\">\u00ab\u00a0S\u00e9minaire\u00a0\u00bb<\/span><\/a><\/p>\n","protected":false},"author":1,"featured_media":0,"parent":0,"menu_order":0,"comment_status":"closed","ping_status":"closed","template":"","meta":{"_inspiro_hide_title":false,"footnotes":""},"_links":{"self":[{"href":"https:\/\/www.golf-bois-do.com\/newsite\/wp-json\/wp\/v2\/pages\/6348"}],"collection":[{"href":"https:\/\/www.golf-bois-do.com\/newsite\/wp-json\/wp\/v2\/pages"}],"about":[{"href":"https:\/\/www.golf-bois-do.com\/newsite\/wp-json\/wp\/v2\/types\/page"}],"author":[{"embeddable":true,"href":"https:\/\/www.golf-bois-do.com\/newsite\/wp-json\/wp\/v2\/users\/1"}],"replies":[{"embeddable":true,"href":"https:\/\/www.golf-bois-do.com\/newsite\/wp-json\/wp\/v2\/comments?post=6348"}],"version-history":[{"count":3,"href":"https:\/\/www.golf-bois-do.com\/newsite\/wp-json\/wp\/v2\/pages\/6348\/revisions"}],"predecessor-version":[{"id":6351,"href":"https:\/\/www.golf-bois-do.com\/newsite\/wp-json\/wp\/v2\/pages\/6348\/revisions\/6351"}],"wp:attachment":[{"href":"https:\/\/www.golf-bois-do.com\/newsite\/wp-json\/wp\/v2\/media?parent=6348"}],"curies":[{"name":"wp","href":"https:\/\/api.w.org\/{rel}","templated":true}]}}