{"id":6396,"date":"2026-03-18T10:31:29","date_gmt":"2026-03-18T09:31:29","guid":{"rendered":"https:\/\/www.golf-bois-do.com\/newsite\/?page_id=6396"},"modified":"2026-03-18T15:30:01","modified_gmt":"2026-03-18T14:30:01","slug":"pass-carte-verte-2","status":"publish","type":"page","link":"https:\/\/www.golf-bois-do.com\/newsite\/pass-carte-verte-2\/","title":{"rendered":"Le Pass Carte Verte"},"content":{"rendered":"\t\t<div data-elementor-type=\"wp-page\" data-elementor-id=\"6396\" class=\"elementor elementor-6396\" data-elementor-post-type=\"page\">\n\t\t\t\t\t\t<section class=\"elementor-section elementor-top-section elementor-element elementor-element-1409b23 elementor-section-boxed elementor-section-height-default elementor-section-height-default\" data-id=\"1409b23\" data-element_type=\"section\">\n\t\t\t\t\t\t<div class=\"elementor-container elementor-column-gap-default\">\n\t\t\t\t\t<div class=\"elementor-column elementor-col-100 elementor-top-column elementor-element elementor-element-18c60f2\" data-id=\"18c60f2\" data-element_type=\"column\">\n\t\t\t<div class=\"elementor-widget-wrap elementor-element-populated\">\n\t\t\t\t\t\t<div class=\"elementor-element elementor-element-4ec472c elementor-widget elementor-widget-image\" data-id=\"4ec472c\" data-element_type=\"widget\" data-widget_type=\"image.default\">\n\t\t\t\t<div class=\"elementor-widget-container\">\n\t\t\t\t\t\t\t\t\t\t\t\t<figure class=\"wp-caption\">\n\t\t\t\t\t\t\t\t\t\t<img fetchpriority=\"high\" decoding=\"async\" width=\"950\" height=\"672\" src=\"https:\/\/www.golf-bois-do.com\/newsite\/wp-content\/uploads\/2026\/03\/mule-1-1024x724.jpg\" class=\"attachment-large size-large wp-image-6425\" alt=\"Pass carte verte. Golf du bois do\" srcset=\"https:\/\/www.golf-bois-do.com\/newsite\/wp-content\/uploads\/2026\/03\/mule-1-1024x724.jpg 1024w, https:\/\/www.golf-bois-do.com\/newsite\/wp-content\/uploads\/2026\/03\/mule-1-300x212.jpg 300w, https:\/\/www.golf-bois-do.com\/newsite\/wp-content\/uploads\/2026\/03\/mule-1-2000x1414.jpg 2000w, https:\/\/www.golf-bois-do.com\/newsite\/wp-content\/uploads\/2026\/03\/mule-1-1536x1086.jpg 1536w, https:\/\/www.golf-bois-do.com\/newsite\/wp-content\/uploads\/2026\/03\/mule-1-2048x1448.jpg 2048w\" sizes=\"100vw\" \/>\t\t\t\t\t\t\t\t\t\t\t<figcaption class=\"widget-image-caption wp-caption-text\">Le Pass Carte Verte<\/figcaption>\n\t\t\t\t\t\t\t\t\t\t<\/figure>\n\t\t\t\t\t\t\t\t\t<\/div>\n\t\t\t\t<\/div>\n\t\t\t\t\t<\/div>\n\t\t<\/div>\n\t\t\t\t\t<\/div>\n\t\t<\/section>\n\t\t\t\t<section class=\"elementor-section elementor-top-section elementor-element elementor-element-e7337e1 elementor-section-boxed elementor-section-height-default elementor-section-height-default\" data-id=\"e7337e1\" data-element_type=\"section\">\n\t\t\t\t\t\t<div class=\"elementor-container elementor-column-gap-default\">\n\t\t\t\t\t<div class=\"elementor-column elementor-col-100 elementor-top-column elementor-element elementor-element-51d3adc\" data-id=\"51d3adc\" data-element_type=\"column\">\n\t\t\t<div class=\"elementor-widget-wrap elementor-element-populated\">\n\t\t\t\t\t\t<div class=\"elementor-element elementor-element-d24899e elementor-align-center elementor-widget elementor-widget-button\" data-id=\"d24899e\" data-element_type=\"widget\" data-widget_type=\"button.default\">\n\t\t\t\t<div class=\"elementor-widget-container\">\n\t\t\t\t\t\t\t\t\t<div class=\"elementor-button-wrapper\">\n\t\t\t\t\t<a class=\"elementor-button elementor-button-link elementor-size-sm\" href=\"mailto:matthieu.evain@golf-bois-do.com%20?subject=Pass%20Carte%20Verte&#038;body=Bonjour,%0A%0AVous%20souhaitez%20vous%20inscrire%20ou%20avoir%20des%20informations%20sur%20notre%20forfait%20Pass%20Carte%20Verte%20?%20Laissez%20nous%20vos%20coordonn\u00e9es%20afin%20de%20vous%20contacter%20au%20plus%20vite:%0A%0ANoms\/Pr\u00e9noms%20:%0AMail%20:%0AT\u00e9l\u00e9phone:%0A%0ANous%20revenons%20vers%20vous%20au%20plus%20vite!!!%0A%0AL\u2019\u00e9quipe%20du%20Golf\">\n\t\t\t\t\t\t<span class=\"elementor-button-content-wrapper\">\n\t\t\t\t\t\t\t\t\t<span class=\"elementor-button-text\">Demandez votre inscription au Pass Carte Verte ou une Carte Cadeau pour un(e) Ami(e) <\/span>\n\t\t\t\t\t<\/span>\n\t\t\t\t\t<\/a>\n\t\t\t\t<\/div>\n\t\t\t\t\t\t\t\t<\/div>\n\t\t\t\t<\/div>\n\t\t\t\t\t<\/div>\n\t\t<\/div>\n\t\t\t\t\t<\/div>\n\t\t<\/section>\n\t\t\t\t<section class=\"elementor-section elementor-top-section elementor-element elementor-element-402314a elementor-section-boxed elementor-section-height-default elementor-section-height-default\" data-id=\"402314a\" data-element_type=\"section\">\n\t\t\t\t\t\t<div class=\"elementor-container elementor-column-gap-default\">\n\t\t\t\t\t<div class=\"elementor-column elementor-col-100 elementor-top-column elementor-element elementor-element-3771c6b\" data-id=\"3771c6b\" data-element_type=\"column\">\n\t\t\t<div class=\"elementor-widget-wrap elementor-element-populated\">\n\t\t\t\t\t\t<div class=\"elementor-element elementor-element-c8831b7 elementor-align-center elementor-widget elementor-widget-button\" data-id=\"c8831b7\" data-element_type=\"widget\" data-widget_type=\"button.default\">\n\t\t\t\t<div class=\"elementor-widget-container\">\n\t\t\t\t\t\t\t\t\t<div class=\"elementor-button-wrapper\">\n\t\t\t\t\t<a class=\"elementor-button elementor-button-link elementor-size-sm\" href=\"https:\/\/www.golf-bois-do.com\/newsite\/pass-carte-verte\/\">\n\t\t\t\t\t\t<span class=\"elementor-button-content-wrapper\">\n\t\t\t\t\t\t\t\t\t<span class=\"elementor-button-text\">Plus de d\u00e9tails sur le Pass Carte Verte, cliquez ici<\/span>\n\t\t\t\t\t<\/span>\n\t\t\t\t\t<\/a>\n\t\t\t\t<\/div>\n\t\t\t\t\t\t\t\t<\/div>\n\t\t\t\t<\/div>\n\t\t\t\t\t<\/div>\n\t\t<\/div>\n\t\t\t\t\t<\/div>\n\t\t<\/section>\n\t\t\t\t<\/div>\n\t\t","protected":false},"excerpt":{"rendered":"<p>Le Pass Carte Verte Demandez votre inscription au Pass Carte Verte ou une Carte Cadeau pour un(e) Ami(e) Plus de d\u00e9tails sur le Pass Carte Verte, cliquez ici<\/p>\n","protected":false},"author":6,"featured_media":0,"parent":0,"menu_order":0,"comment_status":"closed","ping_status":"closed","template":"","meta":{"_inspiro_hide_title":false,"footnotes":""},"_links":{"self":[{"href":"https:\/\/www.golf-bois-do.com\/newsite\/wp-json\/wp\/v2\/pages\/6396"}],"collection":[{"href":"https:\/\/www.golf-bois-do.com\/newsite\/wp-json\/wp\/v2\/pages"}],"about":[{"href":"https:\/\/www.golf-bois-do.com\/newsite\/wp-json\/wp\/v2\/types\/page"}],"author":[{"embeddable":true,"href":"https:\/\/www.golf-bois-do.com\/newsite\/wp-json\/wp\/v2\/users\/6"}],"replies":[{"embeddable":true,"href":"https:\/\/www.golf-bois-do.com\/newsite\/wp-json\/wp\/v2\/comments?post=6396"}],"version-history":[{"count":24,"href":"https:\/\/www.golf-bois-do.com\/newsite\/wp-json\/wp\/v2\/pages\/6396\/revisions"}],"predecessor-version":[{"id":6428,"href":"https:\/\/www.golf-bois-do.com\/newsite\/wp-json\/wp\/v2\/pages\/6396\/revisions\/6428"}],"wp:attachment":[{"href":"https:\/\/www.golf-bois-do.com\/newsite\/wp-json\/wp\/v2\/media?parent=6396"}],"curies":[{"name":"wp","href":"https:\/\/api.w.org\/{rel}","templated":true}]}}